{"id":1982,"date":"2016-07-26T00:38:31","date_gmt":"2016-07-26T00:38:31","guid":{"rendered":"http:\/\/thiento.vn\/?page_id=1982"},"modified":"2018-06-11T06:17:46","modified_gmt":"2018-06-11T06:17:46","slug":"chinh-sach-va-quy-dinh-chung","status":"publish","type":"page","link":"https:\/\/thiento.vn\/en\/chinh-sach-va-quy-dinh-chung","title":{"rendered":"Ch\u00ednh s\u00e1ch v\u00e0 quy \u0111\u1ecbnh chung"},"content":{"rendered":"<p><strong>1. Quy\u1ec1n v\u00e0 tr\u00e1ch nhi\u1ec7m c\u1ee7a ng\u01b0\u1eddi b\u00e1n s\u1ea3n ph\u1ea9m<\/strong><\/p>\n<p>Cung c\u1ea5p \u0111\u00fang s\u1ea3n ph\u1ea9m m\u00e0 kh\u00e1ch h\u00e0ng \u0111\u00e3 l\u1ef1a ch\u1ecdn, c\u00f3 tr\u00e1ch nhi\u1ec7m t\u01b0 v\u1ea5n \u0111\u1ea7y \u0111\u1ee7 c\u00e1c th\u00e0nh ph\u1ea7n, t\u00ednh n\u0103ng, c\u00e1ch s\u1eed d\u1ee5ng, ph\u1ea3n \u1ee9ng ph\u1ee5\u2026v\u00e0 c\u00e1c y\u00eau c\u1ea7u kh\u00e1c c\u1ee7a kh\u00e1ch h\u00e0ng.<\/p>\n<p>C\u00f3 quy\u1ec1n y\u00eau c\u1ea7u kh\u00e1ch h\u00e0ng cung c\u1ea5p \u0111\u1ea7y \u0111\u1ee7 c\u00e1c th\u00f4ng tin v\u1ec1: t\u00ecnh tr\u1ea1ng s\u1ee9c kh\u1ecfe, d\u1ecb \u1ee9ng, c\u00e1c b\u1ec7nh l\u00fd kh\u00e1c (n\u1ebfu c\u00f3)<\/p>\n<p>C\u00f3 quy\u1ec1n y\u00eau c\u1ea7u kh\u00e1ch h\u00e0ng cung c\u1ea5p \u0111\u1ea7y \u0111\u1ee7 c\u00e1c th\u00f4ng tin v\u1ec1: nhu c\u1ea7u, \u0111i\u1ec1u ki\u1ec7n s\u1eed d\u1ee5ng, \u0111i\u1ec1u ki\u1ec7n v\u1eadn chuy\u1ec3n; \u0111i\u1ec1u ki\u1ec7n b\u1ea3o h\u00e0nh; ch\u0103m s\u00f3c kh\u00e1ch h\u00e0ng v\u1ec1 sau\u2026<\/p>\n<p>H\u01b0\u1edbng d\u1eabn kh\u00e1ch h\u00e0ng c\u00e1ch s\u1eed d\u1ee5ng v\u00e0 b\u1ea3o qu\u1ea3n s\u1ea3n ph\u1ea9m d\u01b0\u1ee3c ph\u1ea9m v\u00e0 th\u1ef1c ph\u1ea9m ch\u1ee9c n\u0103ng sau khi mua v\u00e0 trong su\u1ed1t qu\u00e1 tr\u00ecnh s\u1eed d\u1ee5ng s\u1ea3n ph\u1ea9m.<\/p>\n<p>C\u00f3 ch\u00ednh s\u00e1ch \u0111\u1ed5i tr\u1ea3 s\u1ea3n ph\u1ea9m v\u00e0 ch\u0103m s\u00f3c kh\u00e1ch h\u00e0ng sau khi kh\u00e1ch h\u00e0ng mua c\u00e1c s\u1ea3n ph\u1ea9m t\u1ea1i webiste\u00a0<strong>duocsaoviet.vn<\/strong><\/p>\n<p>Cam k\u1ebft b\u00e1n h\u00e0ng \u0111\u00fang ch\u1ea5t l\u01b0\u1ee3ng, h\u00e0ng c\u00f3 ngu\u1ed3n g\u1ed1c xu\u1ea5t x\u1ee9 r\u00f5 r\u00e0ng, h\u00e0ng c\u00f3 c\u00e1c ti\u00eau chu\u1ea9n \u0111o l\u01b0\u1eddng ch\u1ea5t l\u01b0\u1ee3ng ph\u00f9 h\u1ee3p v\u1edbi c\u00e1c quy \u0111\u1ecbnh c\u1ee7a ph\u00e1p lu\u1eadt Vi\u1ec7t Nam<\/p>\n<p>Website c\u00f3 c\u01a1 ch\u1ebf cho kh\u00e1ch h\u00e0ng \u0111\u1ed3ng \u00fd c\u00e1c quy \u0111\u1ecbnh chung c\u1ee7a b\u00ean b\u00e1n tr\u01b0\u1edbc khi ti\u1ebfn h\u00e0nh mua h\u00e0ng.<\/p>\n<p><strong>2. Quy\u1ec1n v\u00e0 tr\u00e1ch nhi\u1ec7m c\u1ee7a ng\u01b0\u1eddi mua s\u1ea3n ph\u1ea9m<\/strong><\/p>\n<p>Cung c\u1ea5p \u0111\u1ea7y \u0111\u1ee7 c\u00e1c th\u00f4ng tin v\u1ec1 nhu c\u1ea7u, \u0111i\u1ec1u ki\u1ec7n s\u1eed d\u1ee5ng, \u0111i\u1ec1u ki\u1ec7n v\u1eadn chuy\u1ec3n; \u0111i\u1ec1u ki\u1ec7n \u0111\u1ed5i tr\u1ea3; ch\u0103m s\u00f3c kh\u00e1ch h\u00e0ng v\u1ec1 sau\u2026v\u00e0 c\u00e1c \u0111i\u1ec1u ki\u1ec7n kh\u00e1c (n\u1ebfu c\u00f3) c\u00f9ng c\u00e1c y\u00eau c\u1ea7u c\u1ea7n thi\u1ebft \u0111\u1ec3 ng\u01b0\u1eddi b\u00e1n t\u01b0 v\u1ea5n \u0111\u00fang, ch\u00ednh x\u00e1c c\u00e1c s\u1ea3n ph\u1ea9m ph\u00f9 h\u1ee3p nh\u1ea5t v\u1edbi kh\u00e1ch h\u00e0ng.<\/p>\n<p>Cung c\u1ea5p \u0111\u1ea7y \u0111\u1ee7 c\u00e1c th\u00f4ng tin v\u1ec1: t\u00ecnh tr\u1ea1ng s\u1ee9c kh\u1ecfe, d\u1ecb \u1ee9ng, c\u00e1c b\u1ec7nh l\u00fd kh\u00e1c (n\u1ebfu c\u00f3) \u0111\u1ec3 \u0111\u01b0\u1ee3c t\u01b0 v\u1ea5n s\u1eed d\u1ee5ng s\u1ea3n ph\u1ea9m ph\u00f9 h\u1ee3p.<\/p>\n<p>Ng\u01b0\u1eddi mua c\u00f3 quy\u1ec1n y\u00eau c\u1ea7u ng\u01b0\u1eddi b\u00e1n cung c\u1ea5p \u0111\u1ea7y \u0111\u1ee7 c\u00e1c h\u1ed3 s\u01a1, gi\u1ea5y t\u1edd li\u00ean quan \u0111\u1ebfn ch\u1ea5t l\u01b0\u1ee3ng, xu\u1ea5t x\u1ee9 s\u1ea3n ph\u1ea9m, th\u00e0nh ph\u1ea7n\u2026 \u0111\u1ec3 ng\u01b0\u1eddi mua c\u00f3 l\u1ef1a ch\u1ecdn v\u00e0 hi\u1ec3u bi\u1ebft r\u00f5 v\u1ec1 s\u1ea3n ph\u1ea9m tr\u01b0\u1edbc khi mua v\u00e0 s\u1eed d\u1ee5ng s\u1ea3n ph\u1ea9m.<\/p>\n<p>C\u00f9ng th\u1ef1c hi\u1ec7n m\u1ecdi v\u1ea5n \u0111\u1ec1 do hai b\u00ean th\u1ecfa thu\u1eadn, tr\u00ean tinh th\u1ea7n h\u1ee3p t\u00e1c, t\u1ef1 nguy\u1ec7n.<\/p>\n<p>Cung c\u1ea5p \u0111\u1ea7y \u0111\u1ee7 th\u00f4ng tin nh\u01b0: T\u00ean, \u0110\u1ecba ch\u1ec9, S\u1ed1 \u0111i\u1ec7n tho\u1ea1i khi ng\u01b0\u1eddi mua c\u00f3 nhu c\u1ea7u v\u1ec1 vi\u1ec7c ng\u01b0\u1eddi b\u00e1n v\u1eadn chuy\u1ec3n h\u00e0ng h\u00f3a \u0111\u1ebfn t\u1eadn n\u01a1i hay t\u01b0 v\u1ea5n t\u1eadn n\u01a1i.<\/p>\n<p>Thanh to\u00e1n cho ng\u01b0\u1eddi b\u00e1n \u0111\u1ea7y \u0111\u1ee7 theo th\u1ecfa thu\u1eadn gi\u1eefa hai b\u00ean trong vi\u1ec7c mua\/b\u00e1n s\u1ea3n ph\u1ea9m.<\/p>\n<p><strong>\u00a03.\u00a0<\/strong><strong>Quy tr\u00ecnh th\u1ef1c hi\u1ec7n:<\/strong><\/p>\n<p><strong>B\u01b0\u1edbc 1:<\/strong> Kh\u00e1ch h\u00e0ng li\u00ean h\u1ec7 v\u1edbi webiste <strong>duocsaoviet.vn\u00a0<\/strong>\u0111\u1ec3 mua s\u1ea3n ph\u1ea9m<\/p>\n<p><strong>B\u01b0\u1edbc 2<\/strong>: Ng\u01b0\u1eddi b\u00e1n h\u00e0ng t\u01b0 v\u1ea5n v\u00e0 l\u1ef1a ch\u1ecdn ch\u00ednh x\u00e1c lo\u1ea1i h\u00e0ng h\u00f3a m\u00e0 ng\u01b0\u1eddi mua y\u00eau c\u1ea7u.<\/p>\n<p><strong>B\u01b0\u1edbc 3:<\/strong> Thanh to\u00e1n theo th\u1ecfa thu\u1eadn v\u00e0 gi\u00e1 c\u1ea3 \u0111\u00e3 ni\u00eam y\u1ebft<\/p>\n<p><strong>B\u01b0\u1edbc 4:<\/strong> Ti\u1ebfn h\u00e0nh giao h\u00e0ng t\u1eadn n\u01a1i trong tr\u01b0\u1eddng h\u1ee3p kh\u00e1ch h\u00e0ng c\u00f3 y\u00eau c\u1ea7u. Website <strong>duocsaoviet.vn\u00a0<\/strong>khuy\u1ebfn kh\u00edch kh\u00e1ch h\u00e0ng \u0111\u1ebfn t\u1eadn c\u1eeda h\u00e0ng c\u1ee7a ch\u00fang t\u00f4i t\u1ea1i \u0111\u1ecba ch\u1ec9 \u0111\u01b0\u1ee3c ni\u00eam y\u1ebft c\u00f4ng khai <strong>\u0111\u1ec3 \u0111\u01b0\u1ee3c t\u01b0 v\u1ea5n ch\u00ednh x\u00e1c nh\u1ea5t s\u1ea3n ph\u1ea9m ph\u00f9 h\u1ee3p.<\/strong><\/p>\n<p><strong>B\u01b0\u1edbc 5:<\/strong> Ho\u00e0n t\u1ea5t vi\u1ec7c mua b\u00e1n<\/p>\n<p><strong>B\u01b0\u1edbc 6:<\/strong> Ng\u01b0\u1eddi b\u00e1n c\u00f3 tr\u00e1ch nhi\u1ec7m \u0111\u1ed5i tr\u1ea3 s\u1ea3n ph\u1ea9m, b\u1ea3o h\u00e0nh v\u00e0 ch\u0103m s\u00f3c kh\u00e1ch h\u00e0ng theo \u0111\u00fang c\u00e1c ch\u00ednh s\u00e1ch \u0111\u01b0\u1ee3c cam k\u1ebft.<\/p>","protected":false},"excerpt":{"rendered":"<p>1. Quy\u1ec1n v\u00e0 tr\u00e1ch nhi\u1ec7m c\u1ee7a ng\u01b0\u1eddi b\u00e1n s\u1ea3n ph\u1ea9m Cung c\u1ea5p \u0111\u00fang s\u1ea3n ph\u1ea9m m\u00e0 kh\u00e1ch h\u00e0ng \u0111\u00e3 l\u1ef1a ch\u1ecdn, c\u00f3 tr\u00e1ch nhi\u1ec7m t\u01b0 v\u1ea5n \u0111\u1ea7y \u0111\u1ee7 c\u00e1c th\u00e0nh ph\u1ea7n, t\u00ednh n\u0103ng, c\u00e1ch s\u1eed d\u1ee5ng, ph\u1ea3n \u1ee9ng ph\u1ee5\u2026v\u00e0 c\u00e1c y\u00eau c\u1ea7u kh\u00e1c c\u1ee7a kh\u00e1ch h\u00e0ng. C\u00f3 quy\u1ec1n y\u00eau c\u1ea7u kh\u00e1ch h\u00e0ng cung c\u1ea5p \u0111\u1ea7y [&#8230;]","protected":false},"author":85,"featured_media":0,"parent":0,"menu_order":0,"comment_status":"closed","ping_status":"closed","template":"","meta":{"footnotes":""},"class_list":["post-1982","page","type-page","status-publish","hentry"],"_links":{"self":[{"href":"https:\/\/thiento.vn\/en\/wp-json\/wp\/v2\/pages\/1982","targetHints":{"allow":["GET"]}}],"collection":[{"href":"https:\/\/thiento.vn\/en\/wp-json\/wp\/v2\/pages"}],"about":[{"href":"https:\/\/thiento.vn\/en\/wp-json\/wp\/v2\/types\/page"}],"author":[{"embeddable":true,"href":"https:\/\/thiento.vn\/en\/wp-json\/wp\/v2\/users\/85"}],"replies":[{"embeddable":true,"href":"https:\/\/thiento.vn\/en\/wp-json\/wp\/v2\/comments?post=1982"}],"version-history":[{"count":0,"href":"https:\/\/thiento.vn\/en\/wp-json\/wp\/v2\/pages\/1982\/revisions"}],"wp:attachment":[{"href":"https:\/\/thiento.vn\/en\/wp-json\/wp\/v2\/media?parent=1982"}],"curies":[{"name":"wp","href":"https:\/\/api.w.org\/{rel}","templated":true}]}}