{"id":1984,"date":"2016-07-26T00:39:19","date_gmt":"2016-07-26T00:39:19","guid":{"rendered":"http:\/\/thiento.vn\/?page_id=1984"},"modified":"2018-06-11T06:17:31","modified_gmt":"2018-06-11T06:17:31","slug":"chinh-sach-va-hinh-thuc-thanh-toan","status":"publish","type":"page","link":"https:\/\/thiento.vn\/en\/chinh-sach-va-hinh-thuc-thanh-toan","title":{"rendered":"Ch\u00ednh s\u00e1ch v\u00e0 h\u00ecnh th\u1ee9c thanh to\u00e1n"},"content":{"rendered":"<p><strong>Thanh to\u00e1n:<\/strong> Th\u1eddi gian v\u00e0 gi\u00e1 tr\u1ecb thanh to\u00e1n \u0111\u01b0\u1ee3c hai b\u00ean th\u1ecfa thu\u1eadn v\u00e0 cam k\u1ebft th\u1ef1c hi\u1ec7n.<\/p>\n<p>Chi ph\u00ed mua, b\u00e1n s\u1ea3n ph\u1ea9m \u0111\u01b0\u1ee3c thanh to\u00e1n b\u1eb1ng ti\u1ec1n m\u1eb7t ho\u1eb7c chuy\u1ec3n kho\u1ea3n v\u00e0o t\u00e0i kho\u1ea3n do ng\u01b0\u1eddi b\u00e1n cung c\u1ea5p. N\u1ebfu c\u00f3 s\u1ef1 thay \u0111\u1ed5i v\u1ec1 t\u00e0i kho\u1ea3n thanh to\u00e1n, ng\u01b0\u1eddi b\u00e1n s\u1ebd th\u00f4ng b\u00e1o cho kh\u00e1ch h\u00e0ng b\u1eb1ng v\u0103n b\u1ea3n ch\u00ednh th\u1ee9c.<\/p>","protected":false},"excerpt":{"rendered":"<p>Thanh to\u00e1n: Th\u1eddi gian v\u00e0 gi\u00e1 tr\u1ecb thanh to\u00e1n \u0111\u01b0\u1ee3c hai b\u00ean th\u1ecfa thu\u1eadn v\u00e0 cam k\u1ebft th\u1ef1c hi\u1ec7n. Chi ph\u00ed mua, b\u00e1n s\u1ea3n ph\u1ea9m \u0111\u01b0\u1ee3c thanh to\u00e1n b\u1eb1ng ti\u1ec1n m\u1eb7t ho\u1eb7c chuy\u1ec3n kho\u1ea3n v\u00e0o t\u00e0i kho\u1ea3n do ng\u01b0\u1eddi b\u00e1n cung c\u1ea5p. N\u1ebfu c\u00f3 s\u1ef1 thay \u0111\u1ed5i v\u1ec1 t\u00e0i kho\u1ea3n thanh to\u00e1n, ng\u01b0\u1eddi b\u00e1n s\u1ebd [&#8230;]","protected":false},"author":85,"featured_media":0,"parent":0,"menu_order":0,"comment_status":"closed","ping_status":"closed","template":"","meta":{"footnotes":""},"class_list":["post-1984","page","type-page","status-publish","hentry"],"_links":{"self":[{"href":"https:\/\/thiento.vn\/en\/wp-json\/wp\/v2\/pages\/1984","targetHints":{"allow":["GET"]}}],"collection":[{"href":"https:\/\/thiento.vn\/en\/wp-json\/wp\/v2\/pages"}],"about":[{"href":"https:\/\/thiento.vn\/en\/wp-json\/wp\/v2\/types\/page"}],"author":[{"embeddable":true,"href":"https:\/\/thiento.vn\/en\/wp-json\/wp\/v2\/users\/85"}],"replies":[{"embeddable":true,"href":"https:\/\/thiento.vn\/en\/wp-json\/wp\/v2\/comments?post=1984"}],"version-history":[{"count":0,"href":"https:\/\/thiento.vn\/en\/wp-json\/wp\/v2\/pages\/1984\/revisions"}],"wp:attachment":[{"href":"https:\/\/thiento.vn\/en\/wp-json\/wp\/v2\/media?parent=1984"}],"curies":[{"name":"wp","href":"https:\/\/api.w.org\/{rel}","templated":true}]}}