{"id":1986,"date":"2016-07-26T01:10:34","date_gmt":"2016-07-26T01:10:34","guid":{"rendered":"http:\/\/thiento.vn\/?page_id=1986"},"modified":"2018-06-27T02:44:04","modified_gmt":"2018-06-27T02:44:04","slug":"chinh-sach-ve-bao-mat-thong-tin","status":"publish","type":"page","link":"https:\/\/thiento.vn\/en\/chinh-sach-ve-bao-mat-thong-tin","title":{"rendered":"Ch\u00ednh s\u00e1ch v\u1ec1 b\u1ea3o m\u1eadt th\u00f4ng tin"},"content":{"rendered":"<p><strong>1. M\u1ee5c \u0111\u00edch v\u00e0 ph\u1ea1m vi thu th\u1eadp<\/strong><\/p>\n<p>C\u00e1c th\u00f4ng tin c\u1ee7a kh\u00e1ch h\u00e0ng khi mua s\u1ea3n ph\u1ea9m s\u1ebd \u0111\u01b0\u1ee3c b\u1ea3o m\u1eadt v\u00e0 kh\u00f4ng ti\u1ebft l\u1ed9 th\u00f4ng tin c\u00e1 nh\u00e2n c\u1ee7a qu\u00fd kh\u00e1ch. Kh\u00f4ng ti\u1ebft l\u1ed9 cho b\u00ean th\u1ee9 ba kh\u00f4ng li\u00ean quan khi kh\u00f4ng c\u00f3 s\u1ef1 \u0111\u1ed3ng \u00fd c\u1ee7a Qu\u00fd Kh\u00e1ch h\u00e0ng. Ngo\u1ea1i tr\u1eeb m\u1ed9t s\u1ed1 tr\u01b0\u1eddng h\u1ee3p c\u1ea7n thi\u1ebft nh\u01b0: Khi c\u00f3 y\u00eau c\u1ea7u c\u1ee7a c\u00e1c c\u01a1 quan c\u00f3 th\u1ea9m quy\u1ec1n, trong tr\u01b0\u1eddng h\u1ee3p b\u1eaft bu\u1ed9c ho\u1eb7c c\u1ea7n thi\u1ebft ph\u1ea3i cung c\u1ea5p nh\u1eefng th\u00f4ng tin n\u00e0y.<\/p>\n<p>C\u00e1c th\u00f4ng tin c\u00e1 nh\u00e2n m\u00e0 <strong>duocsaoviet.vn\u00a0<\/strong>c\u00f3 th\u1ec3 thu th\u1eadp t\u1eeb kh\u00e1ch h\u00e0ng: H\u1ecd v\u00e0 t\u00ean, gi\u1edbi t\u00ednh, ng\u00e0y sinh, email, \u0111\u1ecba ch\u1ec9, \u0111i\u1ec7n tho\u1ea1i li\u00ean l\u1ea1c, ngh\u1ec1 nghi\u1ec7p, n\u01a1i l\u00e0m vi\u1ec7c.<\/p>\n<p><strong>2. Ph\u1ea1m vi s\u1eed d\u1ee5ng th\u00f4ng tin<\/strong><\/p>\n<p><strong>\u00a0<\/strong>C\u00e1c th\u00f4ng tin c\u00e1 nh\u00e2n \u0111\u01b0\u1ee3c kh\u00e1ch h\u00e0ng cung c\u1ea5p c\u00f3 th\u1ec3 d\u00f9ng v\u00e0o c\u00e1c m\u1ee5c \u0111\u00edch sau:<\/p>\n<p>Cung c\u1ea5p h\u00e0ng h\u00f3a, ch\u0103m s\u00f3c kh\u00e1ch h\u00e0ng hay th\u1ef1c hi\u1ec7n nh\u1eefng giao d\u1ecbch m\u00e0 kh\u00e1ch h\u00e0ng y\u00eau c\u1ea7u.<\/p>\n<p>G\u1eedi th\u00f4ng tin \u0111\u1ebfn kh\u00e1ch h\u00e0ng.<\/p>\n<p>N\u00e2ng cao m\u1ed1i li\u00ean k\u1ebft v\u00e0 t\u01b0\u01a1ng t\u00e1c v\u1edbi kh\u00e1ch h\u00e0ng<\/p>\n<p>N\u1ebfu kh\u00f4ng c\u00f3 s\u1ef1 \u0111\u1ed3ng \u00fd c\u1ee7a kh\u00e1ch h\u00e0ng, <b>duocsaoviet.vn<\/b>\u00a0s\u1ebd kh\u00f4ng cung c\u1ea5p d\u1eef li\u1ec7u th\u00f4ng tin kh\u00e1ch h\u00e0ng cho b\u00ean th\u1ee9 ba \u0111\u1ec3 h\u1ecd d\u00f9ng v\u00e0o m\u1ee5c \u0111\u00edch qu\u1ea3ng c\u00e1o. Ngo\u1ea1i tr\u1eeb m\u1ed9t s\u1ed1 tr\u01b0\u1eddng h\u1ee3p c\u00f3 s\u1ef1 y\u00eau c\u1ea7u c\u1ee7a c\u01a1 quan ch\u1ee9c n\u0103ng c\u00f3 th\u1ea9m quy\u1ec1n y\u00eau c\u1ea7u vi\u1ec7c cung c\u1ea5p c\u00e1c th\u00f4ng tin c\u1ee7a kh\u00e1ch h\u00e0ng.<\/p>\n<p><strong>3. Th\u1eddi gian l\u01b0u tr\u1eef th\u00f4ng tin<\/strong><\/p>\n<p><strong>\u00a0<\/strong>C\u00e1c th\u00f4ng tin c\u00e1 nh\u00e2n c\u1ee7a kh\u00e1ch h\u00e0ng \u0111\u01b0\u1ee3c l\u01b0u tr\u1eef trong m\u1ed9t th\u1eddi gian c\u1ea7n thi\u1ebft, nh\u1eb1m ph\u1ee5c v\u1ee5 cho c\u00e1c y\u00eau c\u1ea7u kh\u00e1ch h\u00e0ng \u0111\u01b0a ra.<\/p>\n<p><span style=\"color: #ff6600;\">\u0110\u1ecba ch\u1ec9 thu th\u1eadp v\u00e0 qu\u1ea3n l\u00fd th\u00f4ng tin c\u00e1 nh\u00e2n<\/span><\/p>\n<p><span style=\"color: #ff6600;\">C\u00f4ng ty c\u1ed5 ph\u1ea7n D\u01b0\u1ee3c ph\u1ea9m PQA<\/span><\/p>\n<p><span style=\"color: #ff6600;\">\u0110\u1ecba ch\u1ec9 tr\u1ee5 s\u1edf: Th\u1eeda 99, khu \u0110\u1ed3ng Qu\u00e0n, \u0111\u01b0\u1eddng 10, x\u00e3 T\u00e2n Th\u00e0nh, huy\u1ec7n V\u1ee5 B\u1ea3n, T\u1ec9nh Nam \u0110\u1ecbnh, Vi\u1ec7t Nam.<\/span><\/p>\n<p><span style=\"color: #ff6600;\">\u0110i\u1ec7n tho\u1ea1i : <strong><span style=\"color: #0000ff;\">02283.558.847 &#8211; D\u01b0\u1ee3c S\u0129 Hu\u1ebf 0965.132.669 &#8211; D\u01b0\u1ee3c S\u0129 Lan 0934.378.226<\/span><\/strong><\/span><\/p>\n<p><span style=\"color: #ff6600;\">Email: giadinhpqa@gmail.com- duocphampqand@gmail.com<\/span><\/p>\n<p><strong>4. Ph\u01b0\u01a1ng ti\u1ec7n v\u00e0 c\u00f4ng c\u1ee5 \u0111\u1ec3 ng\u01b0\u1eddi d\u00f9ng ti\u1ebfp c\u1eadn v\u00e0 ch\u1ec9nh s\u1eeda d\u1eef li\u1ec7u c\u00e1 nh\u00e2n c\u1ee7a m\u00ecnh<\/strong><\/p>\n<p><strong>\u00a0<\/strong>Nh\u1eefng kh\u00e1ch h\u00e0ng mua, s\u1eed d\u1ee5ng s\u1ea3n ph\u1ea9m d\u01b0\u1ee3c, th\u1ef1c ph\u1ea9m ch\u1ee9c n\u0103ng do <b>duocsaoviet.vn<\/b>\u00a0\u0111\u00e3 cung c\u1ea5p th\u00f4ng tin cho ch\u00fang t\u00f4i n\u1ebfu mu\u1ed1n ch\u1ec9nh s\u1eeda, thay \u0111\u1ed5i ho\u1eb7c y\u00eau c\u1ea7u x\u00f3a b\u1ecf v\u00e0 c\u00e1c y\u00eau c\u1ea7u kh\u00e1c. Kh\u00e1ch h\u00e0ng c\u00f3 th\u1ec3 g\u1ecdi \u0111i\u1ec7n tho\u1ea1i, email ho\u1eb7c \u0111\u1ebfn t\u1eadn tr\u1ee5 s\u1edf c\u1ee7a ch\u00fang t\u00f4i theo c\u00e1c th\u00f4ng tin li\u00ean h\u1ec7 sau:<\/p>\n<p><span style=\"color: #ff6600;\">\u0110\u1ecba ch\u1ec9 thu th\u1eadp v\u00e0 qu\u1ea3n l\u00fd th\u00f4ng tin c\u00e1 nh\u00e2n<\/span><\/p>\n<p><span style=\"color: #ff6600;\">C\u00f4ng ty c\u1ed5 ph\u1ea7n D\u01b0\u1ee3c ph\u1ea9m PQA<\/span><\/p>\n<p><span style=\"color: #ff6600;\">\u0110\u1ecba ch\u1ec9 tr\u1ee5 s\u1edf: Th\u1eeda 99, khu \u0110\u1ed3ng Qu\u00e0n, \u0111\u01b0\u1eddng 10, x\u00e3 T\u00e2n Th\u00e0nh, huy\u1ec7n V\u1ee5 B\u1ea3n, T\u1ec9nh Nam \u0110\u1ecbnh, Vi\u1ec7t Nam.<\/span><\/p>\n<p><span style=\"color: #ff6600;\">\u0110i\u1ec7n tho\u1ea1i : <strong><span style=\"color: #0000ff;\">02283.558.847 &#8211; D\u01b0\u1ee3c S\u0129 Hu\u1ebf 0965.132.669 &#8211; D\u01b0\u1ee3c S\u0129 Lan 0934.378.226<\/span><\/strong><\/span><\/p>\n<p><span style=\"color: #ff6600;\">Email: giadinhpqa@gmail.com- duocphampqand@gmail.com<\/span><\/p>\n<p>Khi ti\u1ebfp nh\u1eadn th\u00f4ng tin c\u1ee7a qu\u00fd kh\u00e1ch h\u00e0ng b\u1ed9 ph\u1eadn qu\u1ea3n l\u00fd v\u00e0 ch\u0103m s\u00f3c kh\u00e1ch h\u00e0ng s\u1ebd tr\u1ef1c ti\u1ebfp ch\u1ec9nh s\u1eeda c\u00e1c y\u00eau c\u1ea7u n\u00e0y cho qu\u00fd kh\u00e1ch trong v\u00f2ng 24 gi\u1edd.<\/p>\n<p><strong>5. Cam k\u1ebft b\u1ea3o m\u1eadt th\u00f4ng tin kh\u00e1ch h\u00e0ng<\/strong><\/p>\n<p><strong>\u00a0<\/strong>Kh\u00e1ch h\u00e0ng c\u1ea7n cung c\u1ea5p th\u00f4ng tin c\u00e1 nh\u00e2n trong c\u00e1c t\u00ecnh hu\u1ed1ng sau:<\/p>\n<p>Y\u00eau c\u1ea7u b\u00e1o gi\u00e1, cung c\u1ea5p th\u00f4ng tin, d\u1ecbch v\u1ee5 v\u00e0 h\u1ed7 tr\u1ee3<\/p>\n<p>\u0110\u1eb7t mua v\u00e0 s\u1eed d\u1ee5ng d\u1ecbch v\u1ee5 c\u1ee7a website<\/p>\n<p>Tham gia kh\u1ea3o s\u00e1t \u00fd ki\u1ebfn, d\u1ef1 thi c\u00f3 th\u01b0\u1edfng ho\u1eb7c c\u00e1c ho\u1ea1t \u0111\u1ed9ng khuy\u1ebfn m\u1ea1i, qu\u1ea3ng b\u00e1 kh\u00e1c.<\/p>\n<p>\u0110\u0103ng k\u00fd nh\u1eadn th\u01b0, email qu\u1ea3ng b\u00e1 ho\u1eb7c c\u00e1c lo\u1ea1i tin t\u1ee9c kh\u00e1c<\/p>\n<p>\u0110\u0103ng k\u00fd tham d\u1ef1 tuy\u1ec3n d\u1ee5ng, g\u1eedi h\u1ed3 s\u01a1, l\u00fd l\u1ecbch<\/p>\n<p>\u0110\u01a1n v\u1ecb t\u1ed5 ch\u1ee9c thu th\u1eadp v\u00e0 s\u1eed d\u1ee5ng c\u00e1c th\u00f4ng tin c\u00e1 nh\u00e2n c\u1ee7a kh\u00e1ch h\u00e0ng khi \u0111\u01b0\u1ee3c s\u1ef1 \u0111\u1ed3ng \u00fd tr\u01b0\u1edbc c\u1ee7a kh\u00e1ch h\u00e0ng.<\/p>\n<p>Ch\u00fang t\u00f4i cam k\u1ebft s\u1ebd b\u1ea3o m\u1eadt c\u00e1c th\u00f4ng tin c\u00e1 nh\u00e2n c\u1ee7a kh\u00e1ch h\u00e0ng, s\u1ebd n\u1ed7 l\u1ef1c h\u1ebft s\u1ee9c v\u00e0 s\u1eed d\u1ee5ng c\u00e1c bi\u1ec7n ph\u00e1p th\u00edch h\u1ee3p \u0111\u1ec3 c\u00e1c th\u00f4ng tin m\u00e0 kh\u00e1ch h\u00e0ng cung c\u1ea5p cho ch\u00fang t\u00f4i trong qu\u00e1 tr\u00ecnh s\u1eed d\u1ee5ng website <strong>duocsaoviet.vn<\/strong>\u00a0\u0111\u01b0\u1ee3c b\u1ea3o m\u1eadt.<\/p>","protected":false},"excerpt":{"rendered":"<p>1. M\u1ee5c \u0111\u00edch v\u00e0 ph\u1ea1m vi thu th\u1eadp C\u00e1c th\u00f4ng tin c\u1ee7a kh\u00e1ch h\u00e0ng khi mua s\u1ea3n ph\u1ea9m s\u1ebd \u0111\u01b0\u1ee3c b\u1ea3o m\u1eadt v\u00e0 kh\u00f4ng ti\u1ebft l\u1ed9 th\u00f4ng tin c\u00e1 nh\u00e2n c\u1ee7a qu\u00fd kh\u00e1ch. Kh\u00f4ng ti\u1ebft l\u1ed9 cho b\u00ean th\u1ee9 ba kh\u00f4ng li\u00ean quan khi kh\u00f4ng c\u00f3 s\u1ef1 \u0111\u1ed3ng \u00fd c\u1ee7a Qu\u00fd Kh\u00e1ch h\u00e0ng. Ngo\u1ea1i tr\u1eeb [&#8230;]","protected":false},"author":85,"featured_media":0,"parent":0,"menu_order":0,"comment_status":"closed","ping_status":"closed","template":"","meta":{"footnotes":""},"class_list":["post-1986","page","type-page","status-publish","hentry"],"_links":{"self":[{"href":"https:\/\/thiento.vn\/en\/wp-json\/wp\/v2\/pages\/1986","targetHints":{"allow":["GET"]}}],"collection":[{"href":"https:\/\/thiento.vn\/en\/wp-json\/wp\/v2\/pages"}],"about":[{"href":"https:\/\/thiento.vn\/en\/wp-json\/wp\/v2\/types\/page"}],"author":[{"embeddable":true,"href":"https:\/\/thiento.vn\/en\/wp-json\/wp\/v2\/users\/85"}],"replies":[{"embeddable":true,"href":"https:\/\/thiento.vn\/en\/wp-json\/wp\/v2\/comments?post=1986"}],"version-history":[{"count":0,"href":"https:\/\/thiento.vn\/en\/wp-json\/wp\/v2\/pages\/1986\/revisions"}],"wp:attachment":[{"href":"https:\/\/thiento.vn\/en\/wp-json\/wp\/v2\/media?parent=1986"}],"curies":[{"name":"wp","href":"https:\/\/api.w.org\/{rel}","templated":true}]}}