{"id":1988,"date":"2016-07-26T01:12:22","date_gmt":"2016-07-26T01:12:22","guid":{"rendered":"http:\/\/thiento.vn\/?page_id=1988"},"modified":"2018-06-11T06:18:18","modified_gmt":"2018-06-11T06:18:18","slug":"chinh-sach-ve-quy-trinh-xu-ly-khieu-nai","status":"publish","type":"page","link":"https:\/\/thiento.vn\/en\/chinh-sach-ve-quy-trinh-xu-ly-khieu-nai","title":{"rendered":"Ch\u00ednh s\u00e1ch v\u1ec1 quy tr\u00ecnh x\u1eed l\u00fd khi\u1ebfu n\u1ea1i"},"content":{"rendered":"<p>Ti\u1ebfp nh\u1eadn m\u1ecdi khi\u1ebfu n\u1ea1i c\u1ee7a kh\u00e1ch h\u00e0ng li\u00ean quan \u0111\u1ebfn vi\u1ec7c mua s\u1ea3n ph\u1ea9m d\u01b0\u1ee3c, th\u1ef1c ph\u1ea9m ch\u1ee9c n\u0103ng c\u1ee7a website:\u00a0<strong>duocsaoviet.vn<\/strong><\/p>\n<p>T\u1ea5t c\u1ea3 m\u1ecdi tr\u01b0\u1eddng h\u01a1p \u0111\u1ed5i tr\u1ea3 v\u00e0 ch\u0103m s\u00f3c kh\u00e1ch h\u00e0ng, ng\u01b0\u1eddi mua c\u00f3 th\u1ec3 li\u00ean h\u1ec7 v\u1edbi website:\u00a0duocsaoviet.vn<strong>\u00a0<\/strong>theo nh\u1eefng th\u00f4ng tin \u0111\u01b0\u1ee3c ni\u00eam y\u1ebft c\u00f4ng khai tr\u00ean website.<\/p>\n<p>Th\u1eddi gian gi\u1ea3i quy\u1ebft khi\u1ebfu n\u1ea1i trong th\u1eddi h\u1ea1n t\u1ed1i \u0111a l\u00e0 03\u00a0(ba) ng\u00e0y l\u00e0m vi\u1ec7c k\u1ec3 t\u1eeb khi nh\u1eadn \u0111\u01b0\u1ee3c khi\u1ebfu n\u1ea1i c\u1ee7a kh\u00e1ch h\u00e0ng. Trong tr\u01b0\u1eddng h\u1ee3p b\u1ea5t kh\u1ea3 kh\u00e1ng 2 b\u00ean s\u1ebd t\u1ef1 th\u01b0\u01a1ng l\u01b0\u1ee3ng.<\/p>","protected":false},"excerpt":{"rendered":"<p>Ti\u1ebfp nh\u1eadn m\u1ecdi khi\u1ebfu n\u1ea1i c\u1ee7a kh\u00e1ch h\u00e0ng li\u00ean quan \u0111\u1ebfn vi\u1ec7c mua s\u1ea3n ph\u1ea9m d\u01b0\u1ee3c, th\u1ef1c ph\u1ea9m ch\u1ee9c n\u0103ng c\u1ee7a website:\u00a0duocsaoviet.vn T\u1ea5t c\u1ea3 m\u1ecdi tr\u01b0\u1eddng h\u01a1p \u0111\u1ed5i tr\u1ea3 v\u00e0 ch\u0103m s\u00f3c kh\u00e1ch h\u00e0ng, ng\u01b0\u1eddi mua c\u00f3 th\u1ec3 li\u00ean h\u1ec7 v\u1edbi website:\u00a0duocsaoviet.vn\u00a0theo nh\u1eefng th\u00f4ng tin \u0111\u01b0\u1ee3c ni\u00eam y\u1ebft c\u00f4ng khai tr\u00ean website. Th\u1eddi gian gi\u1ea3i [&#8230;]","protected":false},"author":85,"featured_media":0,"parent":0,"menu_order":0,"comment_status":"closed","ping_status":"closed","template":"","meta":{"footnotes":""},"class_list":["post-1988","page","type-page","status-publish","hentry"],"_links":{"self":[{"href":"https:\/\/thiento.vn\/en\/wp-json\/wp\/v2\/pages\/1988","targetHints":{"allow":["GET"]}}],"collection":[{"href":"https:\/\/thiento.vn\/en\/wp-json\/wp\/v2\/pages"}],"about":[{"href":"https:\/\/thiento.vn\/en\/wp-json\/wp\/v2\/types\/page"}],"author":[{"embeddable":true,"href":"https:\/\/thiento.vn\/en\/wp-json\/wp\/v2\/users\/85"}],"replies":[{"embeddable":true,"href":"https:\/\/thiento.vn\/en\/wp-json\/wp\/v2\/comments?post=1988"}],"version-history":[{"count":0,"href":"https:\/\/thiento.vn\/en\/wp-json\/wp\/v2\/pages\/1988\/revisions"}],"wp:attachment":[{"href":"https:\/\/thiento.vn\/en\/wp-json\/wp\/v2\/media?parent=1988"}],"curies":[{"name":"wp","href":"https:\/\/api.w.org\/{rel}","templated":true}]}}