{"id":4530,"date":"2018-04-30T13:41:23","date_gmt":"2018-04-30T13:41:23","guid":{"rendered":"http:\/\/thiento.vn\/?page_id=4530"},"modified":"2021-01-27T04:57:10","modified_gmt":"2021-01-27T04:57:10","slug":"dat-hang-thanh-cong","status":"publish","type":"page","link":"https:\/\/thiento.vn\/en\/dat-hang-thanh-cong","title":{"rendered":"\u0110\u1eb7t h\u00e0ng th\u00e0nh c\u00f4ng"},"content":{"rendered":"<p>C\u1ea3m \u01a1n b\u1ea1n \u0111\u00e3 \u0111\u1eb7t h\u00e0ng t\u1ea1i website<strong>\u00a0duocsaoviet.vn<\/strong> c\u1ee7a <strong>C\u00f4ng ty c\u1ed5 ph\u1ea7n D\u01b0\u1ee3c ph\u1ea9m Sao Vi\u1ec7t H\u00e0 N\u1ed9i<\/strong>. Ch\u00fang t\u00f4i s\u1ebd g\u1ecdi \u0111i\u1ec7n l\u1ea1i s\u1edbm nh\u1ea5t\u00a0khi nh\u1eadn \u0111\u01b0\u1ee3c \u0111\u01a1n h\u00e0ng c\u1ee7a qu\u00fd v\u1ecb. Ch\u00fac qu\u00fd v\u1ecb\u00a0v\u00e0 gia \u0111\u00ecnh 1 ng\u00e0y m\u1edbi vui v\u1ebb, h\u1ea1nh ph\u00fac, g\u1eb7p nhi\u1ec1u may m\u1eafn trong cu\u1ed9c s\u1ed1ng<\/p>\n<p><!-- Google Code for Chuy&#7875;n &#273;&#7893;i &#273;&#417;n h&agrave;ng cho duocsaoviet.vn Conversion Page --><br \/>\n<script type=\"text\/javascript\">\n\/* <![CDATA[ *\/ var google_conversion_id = 800835240; var google_conversion_label = \"-bOKCIy764MBEKiN7_0C\"; var google_remarketing_only = false; \/* ]]> *\/\n<\/script><br \/>\n<script type=\"text\/javascript\" src=\"\/\/www.googleadservices.com\/pagead\/conversion.js\">\n<\/script><br \/>\n<noscript><\/p>\n<div style=\"display:inline;\">\n<img loading=\"lazy\" decoding=\"async\" height=\"1\" width=\"1\" style=\"border-style:none;\" alt=\"\" src=\"\/\/www.googleadservices.com\/pagead\/conversion\/800835240\/?label=-bOKCIy764MBEKiN7_0C&#038;guid=ON&#038;script=0\"\/><\/div>\n<p><\/noscript><br \/>\n<!-- Facebook Pixel Code --><br \/>\n<script>\n  !function(f,b,e,v,n,t,s)\n  {if(f.fbq)return;n=f.fbq=function(){n.callMethod?\n  n.callMethod.apply(n,arguments):n.queue.push(arguments)};\n  if(!f._fbq)f._fbq=n;n.push=n;n.loaded=!0;n.version='2.0';\n  n.queue=[];t=b.createElement(e);t.async=!0;\n  t.src=v;s=b.getElementsByTagName(e)[0];\n  s.parentNode.insertBefore(t,s)}(window, document,'script',\n  'https:\/\/connect.facebook.net\/en_US\/fbevents.js');\n  fbq('init', '2014312452203741');\n  fbq('track', 'PageView');\n<\/script><br \/>\n<noscript><img loading=\"lazy\" decoding=\"async\" height=\"1\" width=\"1\" style=\"display:none\" src=\"https:\/\/www.facebook.com\/tr?id=2014312452203741&#038;ev=PageView&#038;noscript=1\" \/><\/noscript><br \/>\n<!-- End Facebook Pixel Code --><\/p>","protected":false},"excerpt":{"rendered":"<p>C\u1ea3m \u01a1n b\u1ea1n \u0111\u00e3 \u0111\u1eb7t h\u00e0ng t\u1ea1i website\u00a0duocsaoviet.vn c\u1ee7a C\u00f4ng ty c\u1ed5 ph\u1ea7n D\u01b0\u1ee3c ph\u1ea9m Sao Vi\u1ec7t H\u00e0 N\u1ed9i. Ch\u00fang t\u00f4i s\u1ebd g\u1ecdi \u0111i\u1ec7n l\u1ea1i s\u1edbm nh\u1ea5t\u00a0khi nh\u1eadn \u0111\u01b0\u1ee3c \u0111\u01a1n h\u00e0ng c\u1ee7a qu\u00fd v\u1ecb. Ch\u00fac qu\u00fd v\u1ecb\u00a0v\u00e0 gia \u0111\u00ecnh 1 ng\u00e0y m\u1edbi vui v\u1ebb, h\u1ea1nh ph\u00fac, g\u1eb7p nhi\u1ec1u may m\u1eafn trong cu\u1ed9c s\u1ed1ng<\/p>","protected":false},"author":85,"featured_media":0,"parent":0,"menu_order":0,"comment_status":"closed","ping_status":"closed","template":"","meta":{"footnotes":""},"class_list":["post-4530","page","type-page","status-publish","hentry"],"_links":{"self":[{"href":"https:\/\/thiento.vn\/en\/wp-json\/wp\/v2\/pages\/4530","targetHints":{"allow":["GET"]}}],"collection":[{"href":"https:\/\/thiento.vn\/en\/wp-json\/wp\/v2\/pages"}],"about":[{"href":"https:\/\/thiento.vn\/en\/wp-json\/wp\/v2\/types\/page"}],"author":[{"embeddable":true,"href":"https:\/\/thiento.vn\/en\/wp-json\/wp\/v2\/users\/85"}],"replies":[{"embeddable":true,"href":"https:\/\/thiento.vn\/en\/wp-json\/wp\/v2\/comments?post=4530"}],"version-history":[{"count":0,"href":"https:\/\/thiento.vn\/en\/wp-json\/wp\/v2\/pages\/4530\/revisions"}],"wp:attachment":[{"href":"https:\/\/thiento.vn\/en\/wp-json\/wp\/v2\/media?parent=4530"}],"curies":[{"name":"wp","href":"https:\/\/api.w.org\/{rel}","templated":true}]}}