{"id":6155,"date":"2018-12-20T15:35:53","date_gmt":"2018-12-20T15:35:53","guid":{"rendered":"http:\/\/thiento.vn\/?page_id=6155"},"modified":"2018-12-20T15:37:10","modified_gmt":"2018-12-20T15:37:10","slug":"gioi-thieu-cong-ty","status":"publish","type":"page","link":"https:\/\/thiento.vn\/en\/gioi-thieu-cong-ty","title":{"rendered":"Gi\u1edbi thi\u1ec7u c\u00f4ng ty"},"content":{"rendered":"<div class=\"sapo_detail\">C\u00f4ng ty c\u1ed5 ph\u1ea7n d\u01b0\u1ee3c ph\u1ea9m PQA \u0111\u01b0\u1ee3c th\u00e0nh l\u1eadp t\u1eeb n\u0103m 2011 b\u1edfi D\u01b0\u1ee3c s\u0129 V\u0169 Th\u1ecb Ph\u01b0\u01a1ng. V\u1edbi kh\u00e1t v\u1ecdng c\u1ed1ng hi\u1ebfn, nghi\u00ean c\u1ee9u s\u1ea3n xu\u1ea5t v\u00e0 kinh doanh c\u00e1c s\u1ea3n ph\u1ea9m l\u00e0 d\u01b0\u1ee3c ph\u1ea9m, th\u1ef1c ph\u1ea9m b\u1ea3o v\u1ec7 s\u1ee9c kh\u1ecfe v\u00e0 m\u1ef9 ph\u1ea9m c\u00f3 ngu\u1ed3n g\u1ed1c t\u1eeb thi\u00ean nhi\u00ean ch\u0103m s\u00f3c s\u1ee9c kh\u1ecfe v\u00e0 s\u1eafc \u0111\u1eb9p, an to\u00e0n hi\u1ec7u qu\u1ea3 .<\/div>\n<div id=\"abdf\">\n<div id=\"content_detail_news\">\n<p><strong><em>Tri\u1ebft l\u00fd kinh doanh : D\u01b0\u1ee3c ph\u1ea9m xanh<\/em><\/strong><\/p>\n<p><strong><em>M\u1ee5c ti\u00eau : Ph\u00e1t tri\u1ec3n b\u1ec1n v\u1eefng<\/em><\/strong><\/p>\n<p><strong><em>T\u1ea7m nh\u00ecn : Thu\u1ed1c nam ch\u1eefa b\u1ec7nh tr\u1ecdng<\/em><\/strong><\/p>\n<p><strong><em>S\u1ee9 m\u1ec7nh : Ch\u1eefa b\u1ec7nh, ch\u1eefa t\u1eeb g\u1ed1c<\/em><\/strong><\/p>\n<p><strong><em>Gi\u00e1 tr\u1ecb c\u1ed1t l\u00f5i : Thu\u1ed1c gia truy\u1ec1n , thu\u1ed1c c\u1ed5 truy\u1ec1n<\/em><\/strong><\/p>\n<p><strong><em>C\u00f4ng ngh\u1ec7 : B\u00ed truy\u1ec1n v\u00e0 hi\u1ec7n \u0111\u1ea1i<\/em><\/strong><\/p>\n<p><strong><em>Tr\u00ed tu\u1ec7: K\u1ebf th\u1eeba v\u00e0 s\u00e1ng t\u1ea1o<\/em><\/strong><\/p>\n<p>C\u00f4ng ty c\u1ed5 ph\u1ea7n d\u01b0\u1ee3c ph\u1ea9m PQA \u0111\u00e3 nghi\u00ean c\u1ee9u, s\u00e1ng t\u1ea1o v\u00e0 ph\u00e1t tri\u1ec3n d\u00f2ng s\u1ea3n ph\u1ea9m ho\u00e0n to\u00e0n t\u1eeb d\u01b0\u1ee3c li\u1ec7u thi\u00ean nhi\u00ean v\u1edbi c\u00f4ng th\u1ee9c kh\u00e1c bi\u1ec7t, \u0111\u1eb3ng c\u1ea5p c\u00e1ch bi\u1ec7t v\u00e0 \u0111\u01b0\u1ee3c c\u1ee5c s\u1edf h\u1eefu tr\u00ed tu\u1ec7 c\u1ea5p b\u1eb1ng \u0111\u1ed9c quy\u1ec1n s\u1edf h\u1eefu tr\u00ed tu\u1ec7.<\/p>\n<p><img loading=\"lazy\" decoding=\"async\" title=\"T\u1ef1 h\u00e0o nh\u00e0 m\u00e1y s\u1ea3n xu\u1ea5t thu\u1ed1c \u0111\u00f4ng d\u01b0\u1ee3c \u0111\u1ea1t chu\u1ea9n GMP-WHO 1\" src=\"http:\/\/suckhoedoisong.vn\/Images\/quangcao\/2018\/09\/19\/pqa11.jpg\" alt=\"tu-hao-nha-may-san-xuat-thuoc-dong-duoc-dat-chuan-gmp-who-1\" width=\"400\" height=\"554\" \/><\/p>\n<p>V\u1edbi kh\u00e1t v\u1ecdng \u0111\u01b0\u1ee3c c\u1ed1ng hi\u1ebfn, \u0111\u01b0\u1ee3c ch\u0103m s\u00f3c s\u1ee9c kh\u1ecfe c\u1ed9ng \u0111\u1ed3ng, mang l\u1ea1i h\u1ea1nh ph\u00fac v\u00e0 ni\u1ec1m vui \u0111\u1ebfn v\u1edbi m\u1ecdi gia \u0111\u00ecnh lu\u00f4n l\u00e0 ni\u1ec1m tin v\u00e0 l\u00e0 m\u1ee5c ti\u00eau ph\u00e1t tri\u1ec3n b\u1ec1n v\u1eefng, t\u1eeb \u0111\u00f3 C\u00f4ng ty C\u1ed5 ph\u1ea7n D\u01b0\u1ee3c ph\u1ea9m PQA \u0111\u00e3 x\u00e2y d\u01b0ng Nh\u00e0 m\u00e1y s\u1ea3n xu\u1ea5t thu\u1ed1c \u0111\u00f4ng d\u01b0\u1ee3c \u0111\u1ea1t chu\u1ea9n GMP-WHO.<\/p>\n<p>Nh\u00e0 m\u00e1y s\u1ea3n xu\u1ea5t thu\u1ed1c \u0110\u00f4ng D\u01b0\u1ee3c \u0111\u00e3 \u0111\u01b0\u1ee3c kh\u1edfi c\u00f4ng. Sau th\u1eddi gian x\u00e2y d\u1ef1ng v\u00e0 ho\u00e0n thi\u1ec7n, nh\u00e0 m\u00e1y \u0111\u00e3 \u0111\u01b0\u1ee3c C\u1ee5c Qu\u1ea3n L\u00fd D\u01b0\u1ee3c c\u1ea5p gi\u1ea5y ch\u1ee9ng nh\u1eadn \u0110\u1ea1t ti\u00eau chu\u1ea9n \u201c<strong>Th\u1ef1c h\u00e0nh t\u1ed1t s\u1ea3n xu\u1ea5t thu\u1ed1c<\/strong>\u201d<\/p>\n<p><img loading=\"lazy\" decoding=\"async\" title=\"T\u1ef1 h\u00e0o nh\u00e0 m\u00e1y s\u1ea3n xu\u1ea5t thu\u1ed1c \u0111\u00f4ng d\u01b0\u1ee3c \u0111\u1ea1t chu\u1ea9n GMP-WHO 3\" src=\"http:\/\/suckhoedoisong.vn\/Images\/quangcao\/2018\/09\/19\/pqa13.png\" alt=\"tu-hao-nha-may-san-xuat-thuoc-dong-duoc-dat-chuan-gmp-who-3\" width=\"707\" height=\"499\" \/><\/p>\n<p>Nh\u00e0 M\u00e1y S\u1ea3n Xu\u1ea5t thu\u1ed1c \u0110\u00f4ng D\u01b0\u1ee3c \u0111\u00e3 l\u00e0m l\u1ec5 kh\u00e1nh th\u00e0nh v\u00e0 ch\u00ednh th\u1ee9c \u0111i v\u00e0o ho\u1ea1t \u0111\u1ed9ng. V\u1edbi h\u1ec7 th\u1ed1ng qu\u1ea3n l\u00fd ch\u1ea5t l\u01b0\u1ee3ng theo ti\u00eau chu\u1ea9n GMP &#8211; WHO c\u00e1c s\u1ea3n ph\u1ea9m c\u1ee7a c\u00f4ng ty PQA s\u1ebd lu\u00f4n \u0111\u01b0\u1ee3c ki\u1ec3m tra, ki\u1ec3m so\u00e1t, ki\u1ec3m nghi\u1ec7m t\u1ed1i \u01b0u trong qu\u00e1 tr\u00ecnh s\u1ea3n xu\u1ea5t, \u0111\u1ea3m b\u1ea3o ch\u00ednh x\u00e1c trong t\u1eebng kh\u00e2u s\u1ea3n xu\u1ea5t t\u1eeb \u0111\u00f3 \u0111\u1ea3m b\u1ea3o ch\u1ea5t l\u01b0\u1ee3ng t\u1ed1t nh\u1ea5t \u0111\u1ebfn tay ng\u01b0\u1eddi s\u1eed d\u1ee5ng.<\/p>\n<p><img loading=\"lazy\" decoding=\"async\" title=\"T\u1ef1 h\u00e0o nh\u00e0 m\u00e1y s\u1ea3n xu\u1ea5t thu\u1ed1c \u0111\u00f4ng d\u01b0\u1ee3c \u0111\u1ea1t chu\u1ea9n GMP-WHO 4\" src=\"http:\/\/suckhoedoisong.vn\/Images\/quangcao\/2018\/09\/19\/pqa14.jpg\" alt=\"tu-hao-nha-may-san-xuat-thuoc-dong-duoc-dat-chuan-gmp-who-4\" width=\"960\" height=\"640\" \/><\/p>\n<p>Ph\u00e1t huy nh\u1eefng gi\u00e1 tr\u1ecb t\u1ed1t \u0111\u1eb9p v\u00e0 thi\u00eang li\u00eang m\u00e0 cha \u00f4ng ta \u0111\u1ec3 l\u1ea1i kh\u00f4ng ch\u1ec9 l\u00e0 ni\u1ec1m t\u1ef1 h\u00e0o m\u00e0 c\u00f2n l\u00e0 tr\u00e1ch nhi\u1ec7m to l\u1edbn v\u00e0 tr\u00ean t\u1ea5t c\u1ea3 l\u00e0 kh\u00e1t v\u1ecdng c\u1ed1ng hi\u1ebfn, \u0111\u01b0\u1ee3c ch\u0103m s\u00f3c s\u1ee9c kh\u1ecfe c\u1ed9ng \u0111\u1ed3ng, mang l\u1ea1i h\u1ea1nh ph\u00fac, ni\u1ec1m vui \u0111\u1ebfn m\u1ecdi gia \u0111\u00ecnh lu\u00f4n l\u00e0 ni\u1ec1m tin v\u00e0 m\u1ee5c ti\u00eau h\u01b0\u1edbng t\u1edbi c\u1ee7a C\u00f4ng ty C\u1ed5 ph\u1ea7n D\u01b0\u1ee3c ph\u1ea9m PQA.<\/p>\n<\/div>\n<\/div>","protected":false},"excerpt":{"rendered":"<p>C\u00f4ng ty c\u1ed5 ph\u1ea7n d\u01b0\u1ee3c ph\u1ea9m PQA \u0111\u01b0\u1ee3c th\u00e0nh l\u1eadp t\u1eeb n\u0103m 2011 b\u1edfi D\u01b0\u1ee3c s\u0129 V\u0169 Th\u1ecb Ph\u01b0\u01a1ng. V\u1edbi kh\u00e1t v\u1ecdng c\u1ed1ng hi\u1ebfn, nghi\u00ean c\u1ee9u s\u1ea3n xu\u1ea5t v\u00e0 kinh doanh c\u00e1c s\u1ea3n ph\u1ea9m l\u00e0 d\u01b0\u1ee3c ph\u1ea9m, th\u1ef1c ph\u1ea9m b\u1ea3o v\u1ec7 s\u1ee9c kh\u1ecfe v\u00e0 m\u1ef9 ph\u1ea9m c\u00f3 ngu\u1ed3n g\u1ed1c t\u1eeb thi\u00ean nhi\u00ean ch\u0103m s\u00f3c s\u1ee9c [&#8230;]","protected":false},"author":85,"featured_media":0,"parent":0,"menu_order":0,"comment_status":"closed","ping_status":"closed","template":"","meta":{"footnotes":""},"class_list":["post-6155","page","type-page","status-publish","hentry"],"_links":{"self":[{"href":"https:\/\/thiento.vn\/en\/wp-json\/wp\/v2\/pages\/6155","targetHints":{"allow":["GET"]}}],"collection":[{"href":"https:\/\/thiento.vn\/en\/wp-json\/wp\/v2\/pages"}],"about":[{"href":"https:\/\/thiento.vn\/en\/wp-json\/wp\/v2\/types\/page"}],"author":[{"embeddable":true,"href":"https:\/\/thiento.vn\/en\/wp-json\/wp\/v2\/users\/85"}],"replies":[{"embeddable":true,"href":"https:\/\/thiento.vn\/en\/wp-json\/wp\/v2\/comments?post=6155"}],"version-history":[{"count":0,"href":"https:\/\/thiento.vn\/en\/wp-json\/wp\/v2\/pages\/6155\/revisions"}],"wp:attachment":[{"href":"https:\/\/thiento.vn\/en\/wp-json\/wp\/v2\/media?parent=6155"}],"curies":[{"name":"wp","href":"https:\/\/api.w.org\/{rel}","templated":true}]}}