{"id":7230,"date":"2020-04-24T16:57:45","date_gmt":"2020-04-24T16:57:45","guid":{"rendered":"http:\/\/thiento.vn\/?post_type=product&#038;p=7230"},"modified":"2020-04-27T09:39:49","modified_gmt":"2020-04-27T09:39:49","slug":"deep-blue-shark","status":"publish","type":"product","link":"https:\/\/thiento.vn\/en\/product\/deep-blue-shark","title":{"rendered":"Deep Blue Shark"},"content":{"rendered":"<p>&nbsp;<\/p>\n<p>Shark cartilage naturally contains calcium and glycosaminoglycans such as chondroitin. Shark cartilage has been reported to have anti-inflammatory and analgesic effects, which may help relieve pain and reduce joint inflammation. Shark cartilage may also help reduce osteoarthritis by improving cartilage function. Shark cartilage contains mucopolysaccharides that stimulate the immune system.<\/p>","protected":false},"excerpt":{"rendered":"<p>&nbsp; S\u1ee5n c\u00e1 m\u1eadp t\u1ef1 nhi\u00ean ch\u1ee9a canxi v\u00e0 glycosaminoglycans nh\u01b0 chondroitin. S\u1ee5n c\u00e1 m\u1eadp \u0111\u00e3 \u0111\u01b0\u1ee3c b\u00e1o c\u00e1o l\u00e0 c\u00f3 t\u00e1c d\u1ee5ng ch\u1ed1ng vi\u00eam v\u00e0 gi\u1ea3m \u0111au, c\u00f3 th\u1ec3 gi\u00fap gi\u1ea3m \u0111au v\u00e0 gi\u1ea3m vi\u00eam kh\u1edbp. S\u1ee5n c\u00e1 m\u1eadp c\u0169ng c\u00f3 th\u1ec3 gi\u00fap gi\u1ea3m vi\u00eam x\u01b0\u01a1ng kh\u1edbp b\u1eb1ng c\u00e1ch c\u1ea3i thi\u1ec7n ch\u1ee9c n\u0103ng s\u1ee5n. [&#8230;]","protected":false},"featured_media":7231,"comment_status":"closed","ping_status":"closed","template":"","meta":[],"product_brand":[],"product_cat":[75],"product_tag":[],"class_list":{"0":"post-7230","1":"product","2":"type-product","3":"status-publish","4":"has-post-thumbnail","6":"product_cat-san-pham","8":"first","9":"instock","10":"shipping-taxable","11":"purchasable","12":"product-type-simple"},"_links":{"self":[{"href":"https:\/\/thiento.vn\/en\/wp-json\/wp\/v2\/product\/7230","targetHints":{"allow":["GET"]}}],"collection":[{"href":"https:\/\/thiento.vn\/en\/wp-json\/wp\/v2\/product"}],"about":[{"href":"https:\/\/thiento.vn\/en\/wp-json\/wp\/v2\/types\/product"}],"replies":[{"embeddable":true,"href":"https:\/\/thiento.vn\/en\/wp-json\/wp\/v2\/comments?post=7230"}],"wp:featuredmedia":[{"embeddable":true,"href":"https:\/\/thiento.vn\/en\/wp-json\/wp\/v2\/media\/7231"}],"wp:attachment":[{"href":"https:\/\/thiento.vn\/en\/wp-json\/wp\/v2\/media?parent=7230"}],"wp:term":[{"taxonomy":"product_brand","embeddable":true,"href":"https:\/\/thiento.vn\/en\/wp-json\/wp\/v2\/product_brand?post=7230"},{"taxonomy":"product_cat","embeddable":true,"href":"https:\/\/thiento.vn\/en\/wp-json\/wp\/v2\/product_cat?post=7230"},{"taxonomy":"product_tag","embeddable":true,"href":"https:\/\/thiento.vn\/en\/wp-json\/wp\/v2\/product_tag?post=7230"}],"curies":[{"name":"wp","href":"https:\/\/api.w.org\/{rel}","templated":true}]}}