{"id":7271,"date":"2021-01-26T09:53:44","date_gmt":"2021-01-26T09:53:44","guid":{"rendered":"http:\/\/thiento.vn\/?post_type=product&#038;p=7271"},"modified":"2021-01-28T04:11:05","modified_gmt":"2021-01-28T04:11:05","slug":"che-rung-tam-dao-mig21ym","status":"publish","type":"product","link":"https:\/\/thiento.vn\/en\/product\/che-rung-tam-dao-mig21ym","title":{"rendered":"Tam Dao Green Tea Mig21"},"content":{"rendered":"<p>Thai Nguyen tea is one of the most famous and familiar specialties of Vietnamese people. In the vast Thai Nguyen tea area, there is an absolute natural tea, growing on the slopes of Tam Dao mountain, called Tam Dao forest tea Mig21YM.<\/p>\n<p>Tea is clean naturally, without any fertilization or watering, so the quantity is not too much.<\/p>\n<p>Price: contact<\/p>","protected":false},"excerpt":{"rendered":"<p>Ch\u00e8 Th\u00e1i Nguy\u00ean l\u00e0 m\u1ed9t trong nh\u1eefng \u0111\u1eb7c s\u1ea3n v\u00f4 c\u00f9ng n\u1ed5i ti\u1ebfng v\u00e0 qu\u00e1 \u0111\u1ed7i th\u00e2n quen \u0111\u1ed1i v\u1edbi ng\u01b0\u1eddi Vi\u1ec7t. Trong v\u00f9ng ch\u00e8 Th\u00e1i Nguy\u00ean r\u1ed9ng l\u1edbn, c\u00f3 m\u1ed9t lo\u1ea1i ch\u00e8 thi\u00ean nhi\u00ean tuy\u1ec7t \u0111\u1ed1i, m\u1ecdc tr\u00ean s\u01b0\u1eddn n\u00fai Tam \u0110\u1ea3o, g\u1ecdi l\u00e0 Ch\u00e8 r\u1eebng Tam \u0110\u1ea3o Mig21YM. Ch\u00e8 s\u1ea1ch t\u1ef1 nhi\u00ean, kh\u00f4ng [&#8230;]","protected":false},"featured_media":7289,"comment_status":"closed","ping_status":"closed","template":"","meta":[],"product_brand":[],"product_cat":[75],"product_tag":[],"class_list":{"0":"post-7271","1":"product","2":"type-product","3":"status-publish","4":"has-post-thumbnail","6":"product_cat-san-pham","8":"first","9":"instock","10":"shipping-taxable","11":"product-type-simple"},"_links":{"self":[{"href":"https:\/\/thiento.vn\/en\/wp-json\/wp\/v2\/product\/7271","targetHints":{"allow":["GET"]}}],"collection":[{"href":"https:\/\/thiento.vn\/en\/wp-json\/wp\/v2\/product"}],"about":[{"href":"https:\/\/thiento.vn\/en\/wp-json\/wp\/v2\/types\/product"}],"replies":[{"embeddable":true,"href":"https:\/\/thiento.vn\/en\/wp-json\/wp\/v2\/comments?post=7271"}],"wp:featuredmedia":[{"embeddable":true,"href":"https:\/\/thiento.vn\/en\/wp-json\/wp\/v2\/media\/7289"}],"wp:attachment":[{"href":"https:\/\/thiento.vn\/en\/wp-json\/wp\/v2\/media?parent=7271"}],"wp:term":[{"taxonomy":"product_brand","embeddable":true,"href":"https:\/\/thiento.vn\/en\/wp-json\/wp\/v2\/product_brand?post=7271"},{"taxonomy":"product_cat","embeddable":true,"href":"https:\/\/thiento.vn\/en\/wp-json\/wp\/v2\/product_cat?post=7271"},{"taxonomy":"product_tag","embeddable":true,"href":"https:\/\/thiento.vn\/en\/wp-json\/wp\/v2\/product_tag?post=7271"}],"curies":[{"name":"wp","href":"https:\/\/api.w.org\/{rel}","templated":true}]}}