{"id":7296,"date":"2022-02-19T06:32:51","date_gmt":"2022-02-19T06:32:51","guid":{"rendered":"http:\/\/thiento.vn\/?post_type=product&#038;p=7296"},"modified":"2022-03-16T13:43:40","modified_gmt":"2022-03-16T06:43:40","slug":"rhino-horn-thiet-bi-lam-sach-mui-bang-nuoc-muoi","status":"publish","type":"product","link":"https:\/\/thiento.vn\/en\/product\/rhino-horn-thiet-bi-lam-sach-mui-bang-nuoc-muoi","title":{"rendered":"Rhino Horn - Saline Nasal Cleaner"},"content":{"rendered":"<h2>1. Introduction to Rhino Horn<\/h2>\n<p>Rhino Horn is a medical device for cleaning the nose with saline.<\/p>\n<h2>2. Long tradition<\/h2>\n<p>Nasal cleansing has long been a part of folk medicine in many parts of the world, and it is also a recognized natural medical treatment. Many otolaryngologists recommend Rhino Horn to their patients.<br \/>\nFishermen around the world have been rinsing their noses with salt water for ages. In some African tribes, washing the nose is considered \"purifying thoughts\", i.e. cleaning the head. In the Yoga tradition, clearing the nose is called Neti.<\/p>\n<h2>3. Support from the Medical Association<\/h2>\n<p>The main reason for Rhino Horn's success in larger parts of Europe is the immense support of the medical society. For years, otolaryngologists and family physicians have encouraged people to use warm saline in their nose and nasal cavity by drawing the water through the nose into their mouth and then spitting it out. Very few people have done that. With Rhino Horn, blowing your nose with physiological saline becomes easy and comfortable. Rhino Horn is simple to use, effective, offers a natural treatment with no side effects and an affordable device to use for years at no extra cost.<\/p>\n<h2>4. A safe product<\/h2>\n<p>Rhino Horn was designed by Per Peo Olsen, co-founder of Yogaprosess AS. It is easy to hold in the hand, light and comfortable in the nose and is designed to create good natural pressure from gravity to make water flow freely through your nose.<br \/>\nRhino Horn is made of virgin high-density polyethylene (PEHD), a recyclable and eco-friendly plastic product. Rhino Horn is manufactured according to ISO 13485: 2003 which is an international quality certification for the manufacture of medical devices.<br \/>\nAll components of Rhino Horn have been tested according to the EU's hazardous chemicals registration and detection program, REACH 168. There is no trace of any of the 168 chemicals in Rhino. Horn (SVHC: Substances of Very High Concern).<br \/>\nRhino Horn is CE marked as a Class I medical device according to EU Directive 93\/42\/EEC. The Norwegian Medicines Agency has issued a Free Sale Certificate for both Rhino Horn and Rhino Horn Junior, which means it qualifies for free import, distribution and sale in the entire EEC region (EU + EFTA).<\/p>\n<h2>5. Opinions of specialists<\/h2>\n<p>The medical community in many countries has responded with great enthusiasm to our Rhino Horn. As a result, ENT doctors and specialists recommend: \u201cThis warm saline nasal rinse is an easy and gentle way to clear debris and foreign substances from the nasal passages. It's simple to do and has no harmful side effects. It has been shown to be highly effective in the prevention and treatment of sinusitis, and is also a useful ingredient in the treatment of chronic sinusitis. People with pollen and dust allergies can in many cases reduce their symptoms by clearing their noses.\u201d<\/p>\n<h2>6. User manual<\/h2>\n<p>Add 1 teaspoon of salt water to the Rhino Horn. Fill with warm water (water temperature 30oC - 40oC). The right saline solution will make the use of Rhino Horn pleasant and refreshing.<br \/>\nWater flows itself through the nostrils only with the help of gravity, cleaning the nasal passages and mucous membranes. The nose is cleaned, no water remains inside.<br \/>\nResult: open nose, breathe freely; Mucus, pollen and dust are washed away.<\/p>","protected":false},"excerpt":{"rendered":"<p>1. Gi\u1edbi thi\u1ec7u v\u1ec1 Rhino Horn Rhino Horn l\u00e0 m\u1ed9t thi\u1ebft b\u1ecb y t\u1ebf \u0111\u1ec3 l\u00e0m s\u1ea1ch m\u0169i b\u1eb1ng n\u01b0\u1edbc mu\u1ed1i. 2. Truy\u1ec1n th\u1ed1ng l\u00e2u \u0111\u1eddi T\u1eeb l\u00e2u, l\u00e0m s\u1ea1ch m\u0169i \u0111\u00e3 l\u00e0 m\u1ed9t ph\u1ea7n c\u1ee7a y h\u1ecdc d\u00e2n gian \u1edf nhi\u1ec1u n\u01a1i tr\u00ean th\u1ebf gi\u1edbi, v\u00e0 n\u00f3 c\u0169ng l\u00e0 m\u1ed9t ph\u01b0\u01a1ng ph\u00e1p \u0111i\u1ec1u tr\u1ecb [&#8230;]","protected":false},"featured_media":7298,"comment_status":"closed","ping_status":"closed","template":"","meta":[],"product_brand":[],"product_cat":[75],"product_tag":[],"class_list":{"0":"post-7296","1":"product","2":"type-product","3":"status-publish","4":"has-post-thumbnail","6":"product_cat-san-pham","8":"first","9":"instock","10":"shipping-taxable","11":"purchasable","12":"product-type-simple"},"_links":{"self":[{"href":"https:\/\/thiento.vn\/en\/wp-json\/wp\/v2\/product\/7296","targetHints":{"allow":["GET"]}}],"collection":[{"href":"https:\/\/thiento.vn\/en\/wp-json\/wp\/v2\/product"}],"about":[{"href":"https:\/\/thiento.vn\/en\/wp-json\/wp\/v2\/types\/product"}],"replies":[{"embeddable":true,"href":"https:\/\/thiento.vn\/en\/wp-json\/wp\/v2\/comments?post=7296"}],"wp:featuredmedia":[{"embeddable":true,"href":"https:\/\/thiento.vn\/en\/wp-json\/wp\/v2\/media\/7298"}],"wp:attachment":[{"href":"https:\/\/thiento.vn\/en\/wp-json\/wp\/v2\/media?parent=7296"}],"wp:term":[{"taxonomy":"product_brand","embeddable":true,"href":"https:\/\/thiento.vn\/en\/wp-json\/wp\/v2\/product_brand?post=7296"},{"taxonomy":"product_cat","embeddable":true,"href":"https:\/\/thiento.vn\/en\/wp-json\/wp\/v2\/product_cat?post=7296"},{"taxonomy":"product_tag","embeddable":true,"href":"https:\/\/thiento.vn\/en\/wp-json\/wp\/v2\/product_tag?post=7296"}],"curies":[{"name":"wp","href":"https:\/\/api.w.org\/{rel}","templated":true}]}}