{"id":7307,"date":"2022-03-11T16:16:13","date_gmt":"2022-03-11T09:16:13","guid":{"rendered":"https:\/\/thiento.vn\/?post_type=product&#038;p=7307"},"modified":"2022-03-16T11:23:01","modified_gmt":"2022-03-16T04:23:01","slug":"thuc-uong-ho-tro-tieu-hoa-detox-tang-de-khang-oomugi-nhat-ban","status":"publish","type":"product","link":"https:\/\/thiento.vn\/en\/product\/thuc-uong-ho-tro-tieu-hoa-detox-tang-de-khang-oomugi-nhat-ban","title":{"rendered":"Drinks to support digestion, detox to increase resistance Japanese Oomugi"},"content":{"rendered":"<p>Oomugi \u2013 delicious drink, maintain health &amp; beauty for the whole family!<\/p>\n<p>Oomugi is a detox nutritional drink, increasing resistance, supporting digestion by Brain Cosmos, Japan.<\/p>\n<p>The ingredients contain 4 types of vegetables rich in nutrients and most popular in Japan, including:<br \/>\n- Ashitaba leaf<br \/>\n- Kale (Kale)<br \/>\n- Young barley leaves<br \/>\n- Mulberry leaves<br \/>\n- Young barley leaves: very rich in minerals, vitamins and enzymes<\/p>\n<p>Compared to spinach (spinach), young barley contains:<br \/>\n+ 18 times more potassium<br \/>\n+ 23 times more calcium<br \/>\n+ 4 times more magnesium<br \/>\n+ Iron 5 times.<\/p>\n<p>Compared with orange juice, young barley contains 7 times more vitamin C.<\/p>\n<p>Mulberry leaves: famous for being a nutritious green vegetable. Used as a traditional herb in Japan. Compared to spinach, mulberry leaves contain:<br \/>\n+ Iron 5 times.<br \/>\n+ Calcium: 1.5 times<\/p>\n<p>- Ashitaba leaf: the king of Japanese herbs, famous for its Chalcones active ingredients, there are many powerful super-elements that have the ability to fight immunity, anti-aging (antioxidants) and prevent cancer.<\/p>\n<p>- Kale: the king of green vegetables. Kale contains a very high amount of Beta carotene, which is a rich source of nutrients, along with many vitamins and minerals needed by the body.<\/p>\n<p>- Pure honey, helps strengthen resistance, aids digestion.<\/p>\n<p>- Collagen from deep sea fish, low molecular weight: easy to digest, high absorption rate, better than animal collagen<\/p>\n<p>RIGHT AUDIENCE<\/p>\n<p>\u2022 People who want to increase their resistance<br \/>\n\u2022 People who want to detox the body<br \/>\n\u2022 People with constipation, indigestion<br \/>\n\u2022 People who are hot inside, prone to acne<br \/>\n\u2022 People who easily gain weight, want to find a balanced diet<br \/>\n\u2022 People who want to fight aging and prolong life<br \/>\n\u2022 People who want to supplement collagen daily at a safe level<br \/>\n\u2022 People whose diet lacks green vegetables<\/p>\n<p>USES<\/p>\n<p>Supplement essential vitamins, minerals and fiber for the body<br \/>\nStrengthen the digestive system, prevent constipation, flatulence<br \/>\nIncreases resistance<br \/>\nReduce fatigue<br \/>\nCooling the body, purifying the liver<br \/>\nSupports blood circulation, regulates blood pressure<br \/>\nReduce blood fat<br \/>\nSupport weight loss for those who want to diet<br \/>\nBeautify skin and hair<br \/>\nCancer Prevention<br \/>\nImprove heart health<br \/>\nVisual enhancement<\/p>\n<p>COMMITMENT TO SAFETY AND QUALITY<\/p>\n<p>- Clean ingredients according to Japanese standards<br \/>\n- Materials 100% made in Japan<br \/>\n- Use fresh, dark green leaves with high nutritional content<br \/>\n- Harvest at the best time<br \/>\n- Freeze-drying technology, keeping the nutritional value and active ingredients. You only need to take a small amount each day.<\/p>\n<p>Weight: 180g (60 packs)<\/p>\n<p>Ingredients: Reduced maltose, young barley leaf powder, dextrin powder, brown sugar, honey, mulberry leaf powder, kale powder, Ashitaba leaf powder, collagen peptide, sucralose.<\/p>\n<p>Dosage: 1 to 2 sachets per day<\/p>\n<p>Caution: Not for people who are allergic to the ingredients of the product.<\/p>","protected":false},"excerpt":{"rendered":"<p>Oomugi \u2013 th\u1ee9c u\u1ed1ng th\u01a1m ngon, duy tr\u00ec s\u1ee9c kh\u1ecfe &amp; s\u1eafc \u0111\u1eb9p cho c\u1ea3 gia \u0111\u00ecnh! Oomugi l\u00e0 th\u1ee9c u\u1ed1ng dinh d\u01b0\u1ee1ng detox, t\u0103ng \u0111\u1ec1 kh\u00e1ng, h\u1ed7 tr\u1ee3 ti\u00eau h\u00f3a c\u1ee7a h\u00e3ng Brain Cosmos, Nh\u1eadt B\u1ea3n. Th\u00e0nh ph\u1ea7n ch\u1ee9a 4 lo\u1ea1i rau gi\u00e0u dinh d\u01b0\u1ee1ng v\u00e0 \u0111\u01b0\u1ee3c y\u00eau chu\u1ed9ng nh\u1ea5t t\u1ea1i Nh\u1eadt, g\u1ed3m: \u2013 [&#8230;]","protected":false},"featured_media":7310,"comment_status":"closed","ping_status":"closed","template":"","meta":[],"product_brand":[],"product_cat":[75],"product_tag":[],"class_list":{"0":"post-7307","1":"product","2":"type-product","3":"status-publish","4":"has-post-thumbnail","6":"product_cat-san-pham","8":"first","9":"instock","10":"shipping-taxable","11":"purchasable","12":"product-type-simple"},"_links":{"self":[{"href":"https:\/\/thiento.vn\/en\/wp-json\/wp\/v2\/product\/7307","targetHints":{"allow":["GET"]}}],"collection":[{"href":"https:\/\/thiento.vn\/en\/wp-json\/wp\/v2\/product"}],"about":[{"href":"https:\/\/thiento.vn\/en\/wp-json\/wp\/v2\/types\/product"}],"replies":[{"embeddable":true,"href":"https:\/\/thiento.vn\/en\/wp-json\/wp\/v2\/comments?post=7307"}],"wp:featuredmedia":[{"embeddable":true,"href":"https:\/\/thiento.vn\/en\/wp-json\/wp\/v2\/media\/7310"}],"wp:attachment":[{"href":"https:\/\/thiento.vn\/en\/wp-json\/wp\/v2\/media?parent=7307"}],"wp:term":[{"taxonomy":"product_brand","embeddable":true,"href":"https:\/\/thiento.vn\/en\/wp-json\/wp\/v2\/product_brand?post=7307"},{"taxonomy":"product_cat","embeddable":true,"href":"https:\/\/thiento.vn\/en\/wp-json\/wp\/v2\/product_cat?post=7307"},{"taxonomy":"product_tag","embeddable":true,"href":"https:\/\/thiento.vn\/en\/wp-json\/wp\/v2\/product_tag?post=7307"}],"curies":[{"name":"wp","href":"https:\/\/api.w.org\/{rel}","templated":true}]}}