{"id":7326,"date":"2022-03-16T11:34:44","date_gmt":"2022-03-16T04:34:44","guid":{"rendered":"https:\/\/thiento.vn\/?post_type=product&#038;p=7326"},"modified":"2022-03-16T11:39:25","modified_gmt":"2022-03-16T04:39:25","slug":"kem-duong-trang-da-bright-cell-c-nhat-ban-20g","status":"publish","type":"product","link":"https:\/\/thiento.vn\/en\/product\/kem-duong-trang-da-bright-cell-c-nhat-ban-20g","title":{"rendered":"Bright Cell C whitening cream Japan 20g"},"content":{"rendered":"<h3 class=\"tab-thong-tin\">Describe<\/h3>\n<div class=\"tab-thong-tin-trong\">\n<p>New product launched in 2021 of Brain Cosmos - Japan.<\/p>\n<p>Whitening cream with an impressive formula including:<\/p>\n<p>- 4 kinds of vitamin C derivatives + stem cells + herbal extracts.<\/p>\n<p>- 4 vitamin C derivatives include: APS, APM, AA2G, APPS.<\/p>\n<p><img loading=\"lazy\" decoding=\"async\" class=\"alignnone size-medium wp-image-1356 lazyloaded\" src=\"https:\/\/okyna.vn\/wp-content\/uploads\/2021\/02\/bright-cell-C_4-vit-C-350x293.png\" sizes=\"auto, (max-width: 350px) 100vw, 350px\" srcset=\"https:\/\/okyna.vn\/wp-content\/uploads\/2021\/02\/bright-cell-C_4-vit-C-350x293.png 350w, https:\/\/okyna.vn\/wp-content\/uploads\/2021\/02\/bright-cell-C_4-vit-C-768x644.png 768w, https:\/\/okyna.vn\/wp-content\/uploads\/2021\/02\/bright-cell-C_4-vit-C-510x428.png 510w, https:\/\/okyna.vn\/wp-content\/uploads\/2021\/02\/bright-cell-C_4-vit-C.png 940w\" alt=\"\" width=\"350\" height=\"293\" data-src=\"https:\/\/okyna.vn\/wp-content\/uploads\/2021\/02\/bright-cell-C_4-vit-C-350x293.png\" data-srcset=\"https:\/\/okyna.vn\/wp-content\/uploads\/2021\/02\/bright-cell-C_4-vit-C-350x293.png 350w, https:\/\/okyna.vn\/wp-content\/uploads\/2021\/02\/bright-cell-C_4-vit-C-768x644.png 768w, https:\/\/okyna.vn\/wp-content\/uploads\/2021\/02\/bright-cell-C_4-vit-C-510x428.png 510w, https:\/\/okyna.vn\/wp-content\/uploads\/2021\/02\/bright-cell-C_4-vit-C.png 940w\" \/><\/p>\n<p>In particular, APPS has the ability to penetrate 100 times more than conventional derivatives, reaching to the dermis, helping to keep the skin healthy and beautiful from the root.<\/p>\n<p>Natural herbs: peony root, tiger wormwood, cherry tree leaves, cypress stem, artiso leaves...help enhance the whitening effect, prevent acne, reduce redness.<\/p>\n<p><img loading=\"lazy\" decoding=\"async\" class=\"alignnone size-medium wp-image-1360 lazyloaded\" src=\"https:\/\/okyna.vn\/wp-content\/uploads\/2021\/02\/Bright-cell-C_thanh-phan-350x293.png\" sizes=\"auto, (max-width: 350px) 100vw, 350px\" srcset=\"https:\/\/okyna.vn\/wp-content\/uploads\/2021\/02\/Bright-cell-C_thanh-phan-350x293.png 350w, https:\/\/okyna.vn\/wp-content\/uploads\/2021\/02\/Bright-cell-C_thanh-phan-768x644.png 768w, https:\/\/okyna.vn\/wp-content\/uploads\/2021\/02\/Bright-cell-C_thanh-phan-510x428.png 510w, https:\/\/okyna.vn\/wp-content\/uploads\/2021\/02\/Bright-cell-C_thanh-phan.png 940w\" alt=\"\" width=\"350\" height=\"293\" data-src=\"https:\/\/okyna.vn\/wp-content\/uploads\/2021\/02\/Bright-cell-C_thanh-phan-350x293.png\" data-srcset=\"https:\/\/okyna.vn\/wp-content\/uploads\/2021\/02\/Bright-cell-C_thanh-phan-350x293.png 350w, https:\/\/okyna.vn\/wp-content\/uploads\/2021\/02\/Bright-cell-C_thanh-phan-768x644.png 768w, https:\/\/okyna.vn\/wp-content\/uploads\/2021\/02\/Bright-cell-C_thanh-phan-510x428.png 510w, https:\/\/okyna.vn\/wp-content\/uploads\/2021\/02\/Bright-cell-C_thanh-phan.png 940w\" \/><\/p>\n<p>The breakthrough formula increases absorption directly through the skin, thanks to the addition of high-performance stem cells, enhancing skin's ability to repair and regenerate.<\/p>\n<p>The cream is soft, quickly absorbed, not sticky or greasy.<\/p>\n<p><strong>Uses:<\/strong><\/p>\n<p>+ Whitening<\/p>\n<p>+ Even skin tone<\/p>\n<p>+ Reduce dark circles<\/p>\n<p>+ Reduces fine lines around the eyes<\/p>\n<p>+ Blurred<\/p>\n<p>+ Smooth skin care<\/p>\n<p>+ Deep moisturizing<\/p>\n<p>+ Prevent acne<\/p>\n<p><img loading=\"lazy\" decoding=\"async\" class=\"alignnone size-medium wp-image-1358 lazyloaded\" src=\"https:\/\/okyna.vn\/wp-content\/uploads\/2021\/02\/Bright-cell-C_inforgraphic-1-140x350.png\" sizes=\"auto, (max-width: 140px) 100vw, 140px\" srcset=\"https:\/\/okyna.vn\/wp-content\/uploads\/2021\/02\/Bright-cell-C_inforgraphic-1-140x350.png 140w, https:\/\/okyna.vn\/wp-content\/uploads\/2021\/02\/Bright-cell-C_inforgraphic-1-410x1024.png 410w, https:\/\/okyna.vn\/wp-content\/uploads\/2021\/02\/Bright-cell-C_inforgraphic-1-768x1920.png 768w, https:\/\/okyna.vn\/wp-content\/uploads\/2021\/02\/Bright-cell-C_inforgraphic-1-614x1536.png 614w, https:\/\/okyna.vn\/wp-content\/uploads\/2021\/02\/Bright-cell-C_inforgraphic-1-510x1275.png 510w, https:\/\/okyna.vn\/wp-content\/uploads\/2021\/02\/Bright-cell-C_inforgraphic-1.png 800w\" alt=\"\" width=\"140\" height=\"350\" data-src=\"https:\/\/okyna.vn\/wp-content\/uploads\/2021\/02\/Bright-cell-C_inforgraphic-1-140x350.png\" data-srcset=\"https:\/\/okyna.vn\/wp-content\/uploads\/2021\/02\/Bright-cell-C_inforgraphic-1-140x350.png 140w, https:\/\/okyna.vn\/wp-content\/uploads\/2021\/02\/Bright-cell-C_inforgraphic-1-410x1024.png 410w, https:\/\/okyna.vn\/wp-content\/uploads\/2021\/02\/Bright-cell-C_inforgraphic-1-768x1920.png 768w, https:\/\/okyna.vn\/wp-content\/uploads\/2021\/02\/Bright-cell-C_inforgraphic-1-614x1536.png 614w, https:\/\/okyna.vn\/wp-content\/uploads\/2021\/02\/Bright-cell-C_inforgraphic-1-510x1275.png 510w, https:\/\/okyna.vn\/wp-content\/uploads\/2021\/02\/Bright-cell-C_inforgraphic-1.png 800w\" \/><\/p>\n<p>Weight: 20g.<\/p>\n<p>Use: after lotion or serum. Used for both men and women.<\/p>\n<\/div>","protected":false},"excerpt":{"rendered":"<p>M\u00f4 t\u1ea3 S\u1ea3n ph\u1ea9m m\u1edbi ra m\u1eaft n\u0103m 2021 c\u1ee7a h\u00e3ng Brain Cosmos \u2013 Nh\u1eadt B\u1ea3n. Kem d\u01b0\u1ee1ng tr\u1eafng v\u1edbi c\u00f4ng th\u1ee9c \u1ea5n t\u01b0\u1ee3ng g\u1ed3m 4 lo\u1ea1i d\u1eabn xu\u1ea5t vitamin C + t\u1ebf b\u00e0o g\u1ed1c + chi\u1ebft xu\u1ea5t th\u1ea3o d\u01b0\u1ee3c. \u2013 4 d\u1eabn xu\u1ea5t vitamin C g\u1ed3m: APS, APM, AA2G, APPS. Trong \u0111\u00f3, APPS c\u00f3 [&#8230;]","protected":false},"featured_media":7327,"comment_status":"closed","ping_status":"closed","template":"","meta":[],"product_brand":[],"product_cat":[75],"product_tag":[],"class_list":{"0":"post-7326","1":"product","2":"type-product","3":"status-publish","4":"has-post-thumbnail","6":"product_cat-san-pham","8":"first","9":"instock","10":"shipping-taxable","11":"purchasable","12":"product-type-simple"},"_links":{"self":[{"href":"https:\/\/thiento.vn\/en\/wp-json\/wp\/v2\/product\/7326","targetHints":{"allow":["GET"]}}],"collection":[{"href":"https:\/\/thiento.vn\/en\/wp-json\/wp\/v2\/product"}],"about":[{"href":"https:\/\/thiento.vn\/en\/wp-json\/wp\/v2\/types\/product"}],"replies":[{"embeddable":true,"href":"https:\/\/thiento.vn\/en\/wp-json\/wp\/v2\/comments?post=7326"}],"wp:featuredmedia":[{"embeddable":true,"href":"https:\/\/thiento.vn\/en\/wp-json\/wp\/v2\/media\/7327"}],"wp:attachment":[{"href":"https:\/\/thiento.vn\/en\/wp-json\/wp\/v2\/media?parent=7326"}],"wp:term":[{"taxonomy":"product_brand","embeddable":true,"href":"https:\/\/thiento.vn\/en\/wp-json\/wp\/v2\/product_brand?post=7326"},{"taxonomy":"product_cat","embeddable":true,"href":"https:\/\/thiento.vn\/en\/wp-json\/wp\/v2\/product_cat?post=7326"},{"taxonomy":"product_tag","embeddable":true,"href":"https:\/\/thiento.vn\/en\/wp-json\/wp\/v2\/product_tag?post=7326"}],"curies":[{"name":"wp","href":"https:\/\/api.w.org\/{rel}","templated":true}]}}