{"id":7330,"date":"2022-03-16T11:50:47","date_gmt":"2022-03-16T04:50:47","guid":{"rendered":"https:\/\/thiento.vn\/?post_type=product&#038;p=7330"},"modified":"2022-03-16T11:50:47","modified_gmt":"2022-03-16T04:50:47","slug":"but-ke-long-may-nhanh-quick-eyebrow-pourto-a","status":"publish","type":"product","link":"https:\/\/thiento.vn\/en\/product\/but-ke-long-may-nhanh-quick-eyebrow-pourto-a","title":{"rendered":"Quick Eyebrow Pourto A . Quick Eyebrow Pencil"},"content":{"rendered":"<h3 class=\"tab-thong-tin\">Describe<\/h3>\n<div class=\"tab-thong-tin-trong\">\n<p><img loading=\"lazy\" decoding=\"async\" class=\"alignnone size-medium wp-image-1299 ls-is-cached lazyloaded\" src=\"https:\/\/okyna.vn\/wp-content\/uploads\/2021\/02\/Quick-eyebrow-poster-fb-247x350.png\" sizes=\"auto, (max-width: 247px) 100vw, 247px\" srcset=\"https:\/\/okyna.vn\/wp-content\/uploads\/2021\/02\/Quick-eyebrow-poster-fb-247x350.png 247w, https:\/\/okyna.vn\/wp-content\/uploads\/2021\/02\/Quick-eyebrow-poster-fb-724x1024.png 724w, https:\/\/okyna.vn\/wp-content\/uploads\/2021\/02\/Quick-eyebrow-poster-fb-768x1086.png 768w, https:\/\/okyna.vn\/wp-content\/uploads\/2021\/02\/Quick-eyebrow-poster-fb-1086x1536.png 1086w, https:\/\/okyna.vn\/wp-content\/uploads\/2021\/02\/Quick-eyebrow-poster-fb-1448x2048.png 1448w, https:\/\/okyna.vn\/wp-content\/uploads\/2021\/02\/Quick-eyebrow-poster-fb-510x721.png 510w, https:\/\/okyna.vn\/wp-content\/uploads\/2021\/02\/Quick-eyebrow-poster-fb.png 1587w\" alt=\"\" width=\"247\" height=\"350\" data-src=\"https:\/\/okyna.vn\/wp-content\/uploads\/2021\/02\/Quick-eyebrow-poster-fb-247x350.png\" data-srcset=\"https:\/\/okyna.vn\/wp-content\/uploads\/2021\/02\/Quick-eyebrow-poster-fb-247x350.png 247w, https:\/\/okyna.vn\/wp-content\/uploads\/2021\/02\/Quick-eyebrow-poster-fb-724x1024.png 724w, https:\/\/okyna.vn\/wp-content\/uploads\/2021\/02\/Quick-eyebrow-poster-fb-768x1086.png 768w, https:\/\/okyna.vn\/wp-content\/uploads\/2021\/02\/Quick-eyebrow-poster-fb-1086x1536.png 1086w, https:\/\/okyna.vn\/wp-content\/uploads\/2021\/02\/Quick-eyebrow-poster-fb-1448x2048.png 1448w, https:\/\/okyna.vn\/wp-content\/uploads\/2021\/02\/Quick-eyebrow-poster-fb-510x721.png 510w, https:\/\/okyna.vn\/wp-content\/uploads\/2021\/02\/Quick-eyebrow-poster-fb.png 1587w\" \/><\/p>\n<p><span class=\"pq6dq46d tbxw36s4 knj5qynh kvgmc6g5 ditlmg2l oygrvhab nvdbi5me sf5mxxl7 gl3lb2sf hhz5lgdu\"><img loading=\"lazy\" decoding=\"async\" class=\"ls-is-cached lazyloaded\" src=\"https:\/\/static.xx.fbcdn.net\/images\/emoji.php\/v9\/tf0\/1\/16\/1f338.png\" alt=\"\ud83c\udf38\" width=\"16\" height=\"16\" data-src=\"https:\/\/static.xx.fbcdn.net\/images\/emoji.php\/v9\/tf0\/1\/16\/1f338.png\" \/><\/span>\u00a0Convex eyebrow pencil allows you to draw natural eyebrows smoothly with just a light touch.<\/p>\n<p><span class=\"pq6dq46d tbxw36s4 knj5qynh kvgmc6g5 ditlmg2l oygrvhab nvdbi5me sf5mxxl7 gl3lb2sf hhz5lgdu\"><img loading=\"lazy\" decoding=\"async\" class=\"ls-is-cached lazyloaded\" src=\"https:\/\/static.xx.fbcdn.net\/images\/emoji.php\/v9\/tf0\/1\/16\/1f338.png\" alt=\"\ud83c\udf38\" width=\"16\" height=\"16\" data-src=\"https:\/\/static.xx.fbcdn.net\/images\/emoji.php\/v9\/tf0\/1\/16\/1f338.png\" \/><\/span>\u00a0Sweat and water resistant, you can easily draw fine lines at the brow bone.<\/p>\n<p><span class=\"pq6dq46d tbxw36s4 knj5qynh kvgmc6g5 ditlmg2l oygrvhab nvdbi5me sf5mxxl7 gl3lb2sf hhz5lgdu\"><img loading=\"lazy\" decoding=\"async\" class=\"ls-is-cached lazyloaded\" src=\"https:\/\/static.xx.fbcdn.net\/images\/emoji.php\/v9\/tf0\/1\/16\/1f338.png\" alt=\"\ud83c\udf38\" width=\"16\" height=\"16\" data-src=\"https:\/\/static.xx.fbcdn.net\/images\/emoji.php\/v9\/tf0\/1\/16\/1f338.png\" \/><\/span>\u00a0Natural color, suitable not only for light eyebrows but also for dark eyebrows.<\/p>\n<p><span class=\"pq6dq46d tbxw36s4 knj5qynh kvgmc6g5 ditlmg2l oygrvhab nvdbi5me sf5mxxl7 gl3lb2sf hhz5lgdu\"><img loading=\"lazy\" decoding=\"async\" class=\"ls-is-cached lazyloaded\" src=\"https:\/\/static.xx.fbcdn.net\/images\/emoji.php\/v9\/tf0\/1\/16\/1f338.png\" alt=\"\ud83c\udf38\" width=\"16\" height=\"16\" data-src=\"https:\/\/static.xx.fbcdn.net\/images\/emoji.php\/v9\/tf0\/1\/16\/1f338.png\" \/><\/span>\u00a0Convenient to use: NO need to shave the head<\/p>\n<p><span class=\"pq6dq46d tbxw36s4 knj5qynh kvgmc6g5 ditlmg2l oygrvhab nvdbi5me sf5mxxl7 gl3lb2sf hhz5lgdu\"><img loading=\"lazy\" decoding=\"async\" class=\"ls-is-cached lazyloaded\" src=\"https:\/\/static.xx.fbcdn.net\/images\/emoji.php\/v9\/tf0\/1\/16\/1f338.png\" alt=\"\ud83c\udf38\" width=\"16\" height=\"16\" data-src=\"https:\/\/static.xx.fbcdn.net\/images\/emoji.php\/v9\/tf0\/1\/16\/1f338.png\" \/><\/span>\u00a0Plant moisturizing ingredients: aloe vera, beeswax, coconut oil, castor oil, chamomile extract\u2026. Safe and suitable for sensitive skin<\/p>\n<p>Color: Brown<\/p>\n<\/div>","protected":false},"excerpt":{"rendered":"<p>M\u00f4 t\u1ea3 \u00a0Ch\u00ec k\u1ebb m\u00e0y d\u1ea1ng l\u1ed3i cho ph\u00e9p b\u1ea1n v\u1ebd l\u00f4ng m\u00e0y t\u1ef1 nhi\u00ean m\u1ed9t c\u00e1ch m\u01b0\u1ee3t m\u00e0 ch\u1ec9 v\u1edbi m\u1ed9t c\u00e1i ch\u1ea1m nh\u1eb9. \u00a0Ch\u1ed1ng m\u1ed3 h\u00f4i v\u00e0 n\u01b0\u1edbc, b\u1ea1n c\u00f3 th\u1ec3 d\u1ec5 d\u00e0ng k\u1ebb nh\u1eefng \u0111\u01b0\u1eddng m\u1ea3nh \u1edf ch\u00e2n l\u00f4ng m\u00e0y,. \u00a0M\u00e0u s\u1eafc t\u1ef1 nhi\u00ean, kh\u00f4ng ch\u1ec9 ph\u00f9 h\u1ee3p v\u1edbi l\u00f4ng m\u00e0y nh\u1ea1t [&#8230;]","protected":false},"featured_media":7331,"comment_status":"closed","ping_status":"closed","template":"","meta":[],"product_brand":[],"product_cat":[75],"product_tag":[],"class_list":{"0":"post-7330","1":"product","2":"type-product","3":"status-publish","4":"has-post-thumbnail","6":"product_cat-san-pham","8":"first","9":"instock","10":"shipping-taxable","11":"purchasable","12":"product-type-simple"},"_links":{"self":[{"href":"https:\/\/thiento.vn\/en\/wp-json\/wp\/v2\/product\/7330","targetHints":{"allow":["GET"]}}],"collection":[{"href":"https:\/\/thiento.vn\/en\/wp-json\/wp\/v2\/product"}],"about":[{"href":"https:\/\/thiento.vn\/en\/wp-json\/wp\/v2\/types\/product"}],"replies":[{"embeddable":true,"href":"https:\/\/thiento.vn\/en\/wp-json\/wp\/v2\/comments?post=7330"}],"wp:featuredmedia":[{"embeddable":true,"href":"https:\/\/thiento.vn\/en\/wp-json\/wp\/v2\/media\/7331"}],"wp:attachment":[{"href":"https:\/\/thiento.vn\/en\/wp-json\/wp\/v2\/media?parent=7330"}],"wp:term":[{"taxonomy":"product_brand","embeddable":true,"href":"https:\/\/thiento.vn\/en\/wp-json\/wp\/v2\/product_brand?post=7330"},{"taxonomy":"product_cat","embeddable":true,"href":"https:\/\/thiento.vn\/en\/wp-json\/wp\/v2\/product_cat?post=7330"},{"taxonomy":"product_tag","embeddable":true,"href":"https:\/\/thiento.vn\/en\/wp-json\/wp\/v2\/product_tag?post=7330"}],"curies":[{"name":"wp","href":"https:\/\/api.w.org\/{rel}","templated":true}]}}