{"id":7416,"date":"2023-04-21T16:31:33","date_gmt":"2023-04-21T09:31:33","guid":{"rendered":"https:\/\/thiento.vn\/?post_type=product&#038;p=7416"},"modified":"2023-04-21T17:37:45","modified_gmt":"2023-04-21T10:37:45","slug":"agroteks","status":"publish","type":"product","link":"https:\/\/thiento.vn\/en\/product\/agroteks","title":{"rendered":"\u201cAgroteks\u201d: Agricultural products and materials: mulching materials, large canvases, agricultural equipment and other products"},"content":{"rendered":"<p><img loading=\"lazy\" decoding=\"async\" src=\"https:\/\/thiento.vn\/wp-content\/uploads\/2023\/04\/Picture1-167x206.png\" alt=\"\" width=\"250\" height=\"309\" class=\"alignnone size-medium wp-image-7417\" srcset=\"https:\/\/thiento.vn\/wp-content\/uploads\/2023\/04\/Picture1-167x206.png 167w, https:\/\/thiento.vn\/wp-content\/uploads\/2023\/04\/Picture1-10x12.png 10w, https:\/\/thiento.vn\/wp-content\/uploads\/2023\/04\/Picture1.png 215w\" sizes=\"auto, (max-width: 250px) 100vw, 250px\" \/><\/p>\n<p>\u201cAgroteks\u201d: Agricultural products and materials: mulching materials, large canvases, agricultural equipment and other products:<br \/>\n+ 960 million m2 of materials have been produced<br \/>\n+ 70 product categories in the catalog<br \/>\n+ 2.5 million customers satisfy<br \/>\n+ 3 years of product quality guarantee<br \/>\nAgroteks - nonwoven materials used to cover agricultural crops. The use of nonwovens makes it possible to harvest early without the use of chemicals and reduce costs.<br \/>\nPerforated mulching material \u201cAgroteks 60\u201d 4% UV and \u201cAgroteks 90\u201d 4% UV<br \/>\nThe material is used in open ground and greenhouses for rapid mulching in order to obtain most of the fruit, economically and to protect the fruit from contact with the soil. The canvas has a pre-punched hole for planting, which makes it more convenient and greatly reduces the working time.<br \/>\n<img loading=\"lazy\" decoding=\"async\" src=\"https:\/\/thiento.vn\/wp-content\/uploads\/2023\/04\/Agroteks-Export-EN_compressed-1-206x125.jpg\" alt=\"\" width=\"618\" height=\"375\" class=\"alignnone size-medium wp-image-7418\" srcset=\"https:\/\/thiento.vn\/wp-content\/uploads\/2023\/04\/Agroteks-Export-EN_compressed-1-206x125.jpg 206w, https:\/\/thiento.vn\/wp-content\/uploads\/2023\/04\/Agroteks-Export-EN_compressed-1-1024x619.jpg 1024w, https:\/\/thiento.vn\/wp-content\/uploads\/2023\/04\/Agroteks-Export-EN_compressed-1-1536x929.jpg 1536w, https:\/\/thiento.vn\/wp-content\/uploads\/2023\/04\/Agroteks-Export-EN_compressed-1-18x12.jpg 18w, https:\/\/thiento.vn\/wp-content\/uploads\/2023\/04\/Agroteks-Export-EN_compressed-1-405x245.jpg 405w, https:\/\/thiento.vn\/wp-content\/uploads\/2023\/04\/Agroteks-Export-EN_compressed-1.jpg 1788w\" sizes=\"auto, (max-width: 618px) 100vw, 618px\" \/><\/p>\n<p>This material creates a favorable microclimate, protects crops from recurrent frosts and pests, shading from the sun and prevents the risk of fire.<br \/>\nThe black color of the material effectively inhibits weed growth, absorbs the heat of sunlight, warms the soil to an optimal temperature for the roots. Density - 60 gr\/m2 (Agroteks 60) and 90 gr\/m2 (Agroteks 90).<\/p>\n<p><img loading=\"lazy\" decoding=\"async\" src=\"https:\/\/thiento.vn\/wp-content\/uploads\/2023\/04\/Agroteks-Export-EN_compressed-1b-170x206.jpg\" alt=\"\" width=\"510\" height=\"618\" class=\"alignnone size-medium wp-image-7419\" srcset=\"https:\/\/thiento.vn\/wp-content\/uploads\/2023\/04\/Agroteks-Export-EN_compressed-1b-170x206.jpg 170w, https:\/\/thiento.vn\/wp-content\/uploads\/2023\/04\/Agroteks-Export-EN_compressed-1b-846x1024.jpg 846w, https:\/\/thiento.vn\/wp-content\/uploads\/2023\/04\/Agroteks-Export-EN_compressed-1b-768x930.jpg 768w, https:\/\/thiento.vn\/wp-content\/uploads\/2023\/04\/Agroteks-Export-EN_compressed-1b-1268x1536.jpg 1268w, https:\/\/thiento.vn\/wp-content\/uploads\/2023\/04\/Agroteks-Export-EN_compressed-1b-10x12.jpg 10w, https:\/\/thiento.vn\/wp-content\/uploads\/2023\/04\/Agroteks-Export-EN_compressed-1b-405x490.jpg 405w, https:\/\/thiento.vn\/wp-content\/uploads\/2023\/04\/Agroteks-Export-EN_compressed-1b.jpg 1308w\" sizes=\"auto, (max-width: 510px) 100vw, 510px\" \/><\/p>\n<p>Air and steam can pass through the material. It is possible to water plants directly through the material.<\/p>\n<p>Increased UV stabilization rate (4%) extends the life of the material, even in high temperature areas.<br \/>\nSuitable for: strawberries, lettuce, cabbage, peppers, cucumbers, tomatoes and other vegetables<\/p>\n<p><img loading=\"lazy\" decoding=\"async\" src=\"https:\/\/thiento.vn\/wp-content\/uploads\/2023\/04\/Agroteks-Export-EN_compressed-2-206x124.jpg\" alt=\"\" width=\"618\" height=\"372\" class=\"alignnone size-medium wp-image-7420\" srcset=\"https:\/\/thiento.vn\/wp-content\/uploads\/2023\/04\/Agroteks-Export-EN_compressed-2-206x124.jpg 206w, https:\/\/thiento.vn\/wp-content\/uploads\/2023\/04\/Agroteks-Export-EN_compressed-2-1024x614.jpg 1024w, https:\/\/thiento.vn\/wp-content\/uploads\/2023\/04\/Agroteks-Export-EN_compressed-2-768x461.jpg 768w, https:\/\/thiento.vn\/wp-content\/uploads\/2023\/04\/Agroteks-Export-EN_compressed-2-1536x922.jpg 1536w, https:\/\/thiento.vn\/wp-content\/uploads\/2023\/04\/Agroteks-Export-EN_compressed-2-18x12.jpg 18w, https:\/\/thiento.vn\/wp-content\/uploads\/2023\/04\/Agroteks-Export-EN_compressed-2-405x243.jpg 405w, https:\/\/thiento.vn\/wp-content\/uploads\/2023\/04\/Agroteks-Export-EN_compressed-2.jpg 1770w\" sizes=\"auto, (max-width: 618px) 100vw, 618px\" \/><\/p>\n<p><img loading=\"lazy\" decoding=\"async\" src=\"https:\/\/thiento.vn\/wp-content\/uploads\/2023\/04\/Agroteks-Export-EN_compressed-2b-163x206.jpg\" alt=\"\" width=\"489\" height=\"618\" class=\"alignnone size-medium wp-image-7421\" srcset=\"https:\/\/thiento.vn\/wp-content\/uploads\/2023\/04\/Agroteks-Export-EN_compressed-2b-163x206.jpg 163w, https:\/\/thiento.vn\/wp-content\/uploads\/2023\/04\/Agroteks-Export-EN_compressed-2b-811x1024.jpg 811w, https:\/\/thiento.vn\/wp-content\/uploads\/2023\/04\/Agroteks-Export-EN_compressed-2b-768x969.jpg 768w, https:\/\/thiento.vn\/wp-content\/uploads\/2023\/04\/Agroteks-Export-EN_compressed-2b-1217x1536.jpg 1217w, https:\/\/thiento.vn\/wp-content\/uploads\/2023\/04\/Agroteks-Export-EN_compressed-2b-10x12.jpg 10w, https:\/\/thiento.vn\/wp-content\/uploads\/2023\/04\/Agroteks-Export-EN_compressed-2b-405x511.jpg 405w, https:\/\/thiento.vn\/wp-content\/uploads\/2023\/04\/Agroteks-Export-EN_compressed-2b.jpg 1374w\" sizes=\"auto, (max-width: 489px) 100vw, 489px\" \/><\/p>\n<p>White cover material \u201cAgroteks 17\u201d<br \/>\nThe material is used for mulching agricultural crops in beds and covering greenhouse frames for crop preservation and early harvest, as well as for mulching lawns to protect seeds from drifting from the soil and being destroyed by birds.<\/p>\n<p><img loading=\"lazy\" decoding=\"async\" src=\"https:\/\/thiento.vn\/wp-content\/uploads\/2023\/04\/Agroteks-Export-EN_compressed-3-206x123.jpg\" alt=\"\" width=\"618\" height=\"369\" class=\"alignnone size-medium wp-image-7422\" srcset=\"https:\/\/thiento.vn\/wp-content\/uploads\/2023\/04\/Agroteks-Export-EN_compressed-3-206x123.jpg 206w, https:\/\/thiento.vn\/wp-content\/uploads\/2023\/04\/Agroteks-Export-EN_compressed-3-1024x613.jpg 1024w, https:\/\/thiento.vn\/wp-content\/uploads\/2023\/04\/Agroteks-Export-EN_compressed-3-768x460.jpg 768w, https:\/\/thiento.vn\/wp-content\/uploads\/2023\/04\/Agroteks-Export-EN_compressed-3-1536x919.jpg 1536w, https:\/\/thiento.vn\/wp-content\/uploads\/2023\/04\/Agroteks-Export-EN_compressed-3-18x12.jpg 18w, https:\/\/thiento.vn\/wp-content\/uploads\/2023\/04\/Agroteks-Export-EN_compressed-3-405x242.jpg 405w, https:\/\/thiento.vn\/wp-content\/uploads\/2023\/04\/Agroteks-Export-EN_compressed-3.jpg 1776w\" sizes=\"auto, (max-width: 618px) 100vw, 618px\" \/><\/p>\n<p>Buds using \u201cAgroteks 17\u201d always grow quickly and evenly. By creating optimal conditions under the canopy, plants grow faster and their yields increase.<br \/>\nThis material creates a favorable microclimate, protects crops from recurrent frosts and pests, shading from the sun and prevents the risk of fire.<br \/>\nThe use of materials reduces costs including insect repellent, while also increasing income from an early, eco-friendly harvest.<br \/>\nSuitable for: green vegetables, vegetables, strawberries, lawns, flower seedlings<br \/>\n<img loading=\"lazy\" decoding=\"async\" src=\"https:\/\/thiento.vn\/wp-content\/uploads\/2023\/04\/Agroteks-Export-EN_compressed-4-206x122.jpg\" alt=\"\" width=\"618\" height=\"366\" class=\"alignnone size-medium wp-image-7423\" srcset=\"https:\/\/thiento.vn\/wp-content\/uploads\/2023\/04\/Agroteks-Export-EN_compressed-4-206x122.jpg 206w, https:\/\/thiento.vn\/wp-content\/uploads\/2023\/04\/Agroteks-Export-EN_compressed-4-1024x607.jpg 1024w, https:\/\/thiento.vn\/wp-content\/uploads\/2023\/04\/Agroteks-Export-EN_compressed-4-768x455.jpg 768w, https:\/\/thiento.vn\/wp-content\/uploads\/2023\/04\/Agroteks-Export-EN_compressed-4-1536x910.jpg 1536w, https:\/\/thiento.vn\/wp-content\/uploads\/2023\/04\/Agroteks-Export-EN_compressed-4-18x12.jpg 18w, https:\/\/thiento.vn\/wp-content\/uploads\/2023\/04\/Agroteks-Export-EN_compressed-4-405x240.jpg 405w, https:\/\/thiento.vn\/wp-content\/uploads\/2023\/04\/Agroteks-Export-EN_compressed-4.jpg 1731w\" sizes=\"auto, (max-width: 618px) 100vw, 618px\" \/><\/p>\n<p>Black and white dual protective mulching material \u201cAgroteks 80\u201d<br \/>\nThe material is used in open ground and greenhouses for mulching for early harvesting, saving weeding and protecting fruit from contact with the soil.<br \/>\nThe upper white layer reflects direct sunlight, thus preventing the risk of burning on the stems and leaves, but at the same time providing the plant with the necessary amount of light for growth and development, while the bottom black layer absorbs sunlight, warms the soil and resists weeds.<br \/>\nThanks to this material, it is possible not only to harvest 5-10 days earlier and without weeding throughout the season, but also to have the added benefit of selling beautifully-formed fruits and berries.<br \/>\nSuitable for: strawberries, lettuce, cabbage, peppers, cucumbers, tomatoes and other vegetables<br \/>\n<img loading=\"lazy\" decoding=\"async\" src=\"https:\/\/thiento.vn\/wp-content\/uploads\/2023\/04\/Agroteks-Export-EN_compressed-5-163x206.jpg\" alt=\"\" width=\"489\" height=\"618\" class=\"alignnone size-medium wp-image-7424\" srcset=\"https:\/\/thiento.vn\/wp-content\/uploads\/2023\/04\/Agroteks-Export-EN_compressed-5-163x206.jpg 163w, https:\/\/thiento.vn\/wp-content\/uploads\/2023\/04\/Agroteks-Export-EN_compressed-5-10x12.jpg 10w\" sizes=\"auto, (max-width: 489px) 100vw, 489px\" \/><\/p>\n<p>Mulching material \u201cAgroteks Proff Geo 100 Black\u201d<br \/>\nDesigned for protection from weeds, for landscaping.<br \/>\n<img loading=\"lazy\" decoding=\"async\" src=\"https:\/\/thiento.vn\/wp-content\/uploads\/2023\/04\/Agroteks-Export-EN_compressed-6-206x124.jpg\" alt=\"\" width=\"618\" height=\"372\" class=\"alignnone size-medium wp-image-7425\" srcset=\"https:\/\/thiento.vn\/wp-content\/uploads\/2023\/04\/Agroteks-Export-EN_compressed-6-206x124.jpg 206w, https:\/\/thiento.vn\/wp-content\/uploads\/2023\/04\/Agroteks-Export-EN_compressed-6-1024x618.jpg 1024w, https:\/\/thiento.vn\/wp-content\/uploads\/2023\/04\/Agroteks-Export-EN_compressed-6-768x463.jpg 768w, https:\/\/thiento.vn\/wp-content\/uploads\/2023\/04\/Agroteks-Export-EN_compressed-6-1536x926.jpg 1536w, https:\/\/thiento.vn\/wp-content\/uploads\/2023\/04\/Agroteks-Export-EN_compressed-6-18x12.jpg 18w, https:\/\/thiento.vn\/wp-content\/uploads\/2023\/04\/Agroteks-Export-EN_compressed-6-405x244.jpg 405w, https:\/\/thiento.vn\/wp-content\/uploads\/2023\/04\/Agroteks-Export-EN_compressed-6.jpg 1872w\" sizes=\"auto, (max-width: 618px) 100vw, 618px\" \/><\/p>\n<p>Benefits from application - savings on weed control, no need to annually purchase materials: increased durability - material serves for more than 3 years; wear resistance - you can walk on the material; UV stabilizer in the fabric - does not damage the material in the sun; good weed control, wave structure - material allows air and steam to pass through.<br \/>\nUse for: nurseries, conifers and ornamental plants, for landscaping, water reservoirs, garden paths, greenhouse parking.<br \/>\n<img loading=\"lazy\" decoding=\"async\" src=\"https:\/\/thiento.vn\/wp-content\/uploads\/2023\/04\/Agroteks-Export-EN_compressed-7-206x137.jpg\" alt=\"\" width=\"418\" height=\"411\" class=\"alignnone size-medium wp-image-7426\" \/><\/p>","protected":false},"excerpt":{"rendered":"<p>\u201cAgroteks\u201d: C\u00e1c s\u1ea3n ph\u1ea9m v\u00e0 v\u1eadt li\u1ec7u d\u00e0nh cho n\u00f4ng nghi\u1ec7p: v\u1eadt li\u1ec7u che ph\u1ee7, c\u00e1c t\u1ea5m b\u1ea1t c\u1ee1 l\u1edbn, c\u00e1c trang thi\u1ebft b\u1ecb n\u00f4ng nghi\u1ec7p v\u00e0 c\u00e1c s\u1ea3n ph\u1ea9m kh\u00e1c: + 960 tri\u1ec7u m2 v\u1eadt li\u1ec7u \u0111\u00e3 \u0111\u01b0\u1ee3c s\u1ea3n xu\u1ea5t + 70 danh m\u1ee5c s\u1ea3n ph\u1ea9m trong catalogue + 2,5 tri\u1ec7u kh\u00e1ch h\u00e0ng h\u00e0i [&#8230;]","protected":false},"featured_media":7472,"comment_status":"closed","ping_status":"closed","template":"","meta":[],"product_brand":[],"product_cat":[75],"product_tag":[],"class_list":{"0":"post-7416","1":"product","2":"type-product","3":"status-publish","4":"has-post-thumbnail","6":"product_cat-san-pham","8":"first","9":"instock","10":"shipping-taxable","11":"product-type-simple"},"_links":{"self":[{"href":"https:\/\/thiento.vn\/en\/wp-json\/wp\/v2\/product\/7416","targetHints":{"allow":["GET"]}}],"collection":[{"href":"https:\/\/thiento.vn\/en\/wp-json\/wp\/v2\/product"}],"about":[{"href":"https:\/\/thiento.vn\/en\/wp-json\/wp\/v2\/types\/product"}],"replies":[{"embeddable":true,"href":"https:\/\/thiento.vn\/en\/wp-json\/wp\/v2\/comments?post=7416"}],"wp:featuredmedia":[{"embeddable":true,"href":"https:\/\/thiento.vn\/en\/wp-json\/wp\/v2\/media\/7472"}],"wp:attachment":[{"href":"https:\/\/thiento.vn\/en\/wp-json\/wp\/v2\/media?parent=7416"}],"wp:term":[{"taxonomy":"product_brand","embeddable":true,"href":"https:\/\/thiento.vn\/en\/wp-json\/wp\/v2\/product_brand?post=7416"},{"taxonomy":"product_cat","embeddable":true,"href":"https:\/\/thiento.vn\/en\/wp-json\/wp\/v2\/product_cat?post=7416"},{"taxonomy":"product_tag","embeddable":true,"href":"https:\/\/thiento.vn\/en\/wp-json\/wp\/v2\/product_tag?post=7416"}],"curies":[{"name":"wp","href":"https:\/\/api.w.org\/{rel}","templated":true}]}}