{"id":7453,"date":"2023-04-21T16:57:29","date_gmt":"2023-04-21T09:57:29","guid":{"rendered":"https:\/\/thiento.vn\/?post_type=product&#038;p=7453"},"modified":"2023-04-21T17:36:29","modified_gmt":"2023-04-21T10:36:29","slug":"izospan-cac-san-pham-va-vat-lieu-xay-dung-mang-chong-gio-va-nuoc-lop-chong-tham-va-hoi-nuoc-bang-dinh-xay-dung-va-cac-san-pham-khac","status":"publish","type":"product","link":"https:\/\/thiento.vn\/en\/product\/izospan-cac-san-pham-va-vat-lieu-xay-dung-mang-chong-gio-va-nuoc-lop-chong-tham-va-hoi-nuoc-bang-dinh-xay-dung-va-cac-san-pham-khac","title":{"rendered":"\u201cIzospan\u201d: Building products and materials: wind and water resistant membranes, waterproof and vaporproof coatings, construction adhesive tapes and other products"},"content":{"rendered":"<p>\u201cIzospan\u201d: Building products and materials: wind and water resistant membranes, waterproof and vaporproof coatings, construction adhesive tapes and other products<br \/>\n+ 1.4 billion m2 of materials have been produced<br \/>\n+ 30 product categories in the catalog<br \/>\n+ 2.2 million construction projects using the product<br \/>\n+ 10 years quality guarantee of products<br \/>\n<img loading=\"lazy\" decoding=\"async\" src=\"https:\/\/thiento.vn\/wp-content\/uploads\/2023\/04\/izospan_compressed-2-1024x576.jpg\" alt=\"\" width=\"1020\" height=\"574\" class=\"alignnone size-large wp-image-7454\" srcset=\"https:\/\/thiento.vn\/wp-content\/uploads\/2023\/04\/izospan_compressed-2-1024x576.jpg 1024w, https:\/\/thiento.vn\/wp-content\/uploads\/2023\/04\/izospan_compressed-2-206x116.jpg 206w, https:\/\/thiento.vn\/wp-content\/uploads\/2023\/04\/izospan_compressed-2-768x432.jpg 768w, https:\/\/thiento.vn\/wp-content\/uploads\/2023\/04\/izospan_compressed-2-1536x864.jpg 1536w, https:\/\/thiento.vn\/wp-content\/uploads\/2023\/04\/izospan_compressed-2-2048x1152.jpg 2048w, https:\/\/thiento.vn\/wp-content\/uploads\/2023\/04\/izospan_compressed-2-18x10.jpg 18w, https:\/\/thiento.vn\/wp-content\/uploads\/2023\/04\/izospan_compressed-2-405x228.jpg 405w\" sizes=\"auto, (max-width: 1020px) 100vw, 1020px\" \/><\/p>\n<p>ISOSPAN FOR CONSTRUCTION<br \/>\n- IZOSPAN - Russian pioneer in the field of vapor permeable membrane and waterproof vapor barrier. This brand exists since 2001 and is famous not only in Russia, but also in neighboring countries.<br \/>\n- IZOSPAN materials are designed for comprehensive protection of building structures from external and internal moisture. Their use allows you to save on the thermal insulation properties of the insulation and prolong the life of the structure.<br \/>\n- IZOSPAN materials are successfully used in different climatic conditions<\/p>\n<p>WIND AND WATER RESISTANT MEMBRANES, VAPOR PERMEABILITY<br \/>\n<img loading=\"lazy\" decoding=\"async\" src=\"https:\/\/thiento.vn\/wp-content\/uploads\/2023\/04\/izospan_compressed-4-1024x435.jpg\" alt=\"\" width=\"1020\" height=\"433\" class=\"alignnone size-large wp-image-7455\" srcset=\"https:\/\/thiento.vn\/wp-content\/uploads\/2023\/04\/izospan_compressed-4-1024x435.jpg 1024w, https:\/\/thiento.vn\/wp-content\/uploads\/2023\/04\/izospan_compressed-4-206x88.jpg 206w, https:\/\/thiento.vn\/wp-content\/uploads\/2023\/04\/izospan_compressed-4-768x327.jpg 768w, https:\/\/thiento.vn\/wp-content\/uploads\/2023\/04\/izospan_compressed-4-1536x653.jpg 1536w, https:\/\/thiento.vn\/wp-content\/uploads\/2023\/04\/izospan_compressed-4-2048x871.jpg 2048w, https:\/\/thiento.vn\/wp-content\/uploads\/2023\/04\/izospan_compressed-4-18x8.jpg 18w, https:\/\/thiento.vn\/wp-content\/uploads\/2023\/04\/izospan_compressed-4-405x172.jpg 405w\" sizes=\"auto, (max-width: 1020px) 100vw, 1020px\" \/><\/p>\n<p><img loading=\"lazy\" decoding=\"async\" src=\"https:\/\/thiento.vn\/wp-content\/uploads\/2023\/04\/izospan_compressed-5-1024x406.jpg\" alt=\"\" width=\"1020\" height=\"404\" class=\"alignnone size-large wp-image-7456\" srcset=\"https:\/\/thiento.vn\/wp-content\/uploads\/2023\/04\/izospan_compressed-5-1024x406.jpg 1024w, https:\/\/thiento.vn\/wp-content\/uploads\/2023\/04\/izospan_compressed-5-206x82.jpg 206w, https:\/\/thiento.vn\/wp-content\/uploads\/2023\/04\/izospan_compressed-5-768x304.jpg 768w, https:\/\/thiento.vn\/wp-content\/uploads\/2023\/04\/izospan_compressed-5-1536x609.jpg 1536w, https:\/\/thiento.vn\/wp-content\/uploads\/2023\/04\/izospan_compressed-5-2048x811.jpg 2048w, https:\/\/thiento.vn\/wp-content\/uploads\/2023\/04\/izospan_compressed-5-18x7.jpg 18w, https:\/\/thiento.vn\/wp-content\/uploads\/2023\/04\/izospan_compressed-5-405x160.jpg 405w\" sizes=\"auto, (max-width: 1020px) 100vw, 1020px\" \/><\/p>\n<p><img loading=\"lazy\" decoding=\"async\" src=\"https:\/\/thiento.vn\/wp-content\/uploads\/2023\/04\/izospan_compressed-6-1024x446.jpg\" alt=\"\" width=\"1020\" height=\"444\" class=\"alignnone size-large wp-image-7457\" srcset=\"https:\/\/thiento.vn\/wp-content\/uploads\/2023\/04\/izospan_compressed-6-1024x446.jpg 1024w, https:\/\/thiento.vn\/wp-content\/uploads\/2023\/04\/izospan_compressed-6-206x90.jpg 206w, https:\/\/thiento.vn\/wp-content\/uploads\/2023\/04\/izospan_compressed-6-768x335.jpg 768w, https:\/\/thiento.vn\/wp-content\/uploads\/2023\/04\/izospan_compressed-6-1536x669.jpg 1536w, https:\/\/thiento.vn\/wp-content\/uploads\/2023\/04\/izospan_compressed-6-2048x892.jpg 2048w, https:\/\/thiento.vn\/wp-content\/uploads\/2023\/04\/izospan_compressed-6-18x8.jpg 18w, https:\/\/thiento.vn\/wp-content\/uploads\/2023\/04\/izospan_compressed-6-405x176.jpg 405w\" sizes=\"auto, (max-width: 1020px) 100vw, 1020px\" \/><br \/>\nWIND RESISTANT MEMBRANES, VAPOR PERMEABILITY<br \/>\n<img loading=\"lazy\" decoding=\"async\" src=\"https:\/\/thiento.vn\/wp-content\/uploads\/2023\/04\/izospan_compressed-7-1024x422.jpg\" alt=\"\" width=\"1020\" height=\"420\" class=\"alignnone size-large wp-image-7458\" srcset=\"https:\/\/thiento.vn\/wp-content\/uploads\/2023\/04\/izospan_compressed-7-1024x422.jpg 1024w, https:\/\/thiento.vn\/wp-content\/uploads\/2023\/04\/izospan_compressed-7-206x85.jpg 206w, https:\/\/thiento.vn\/wp-content\/uploads\/2023\/04\/izospan_compressed-7-768x316.jpg 768w, https:\/\/thiento.vn\/wp-content\/uploads\/2023\/04\/izospan_compressed-7-1536x633.jpg 1536w, https:\/\/thiento.vn\/wp-content\/uploads\/2023\/04\/izospan_compressed-7-2048x844.jpg 2048w, https:\/\/thiento.vn\/wp-content\/uploads\/2023\/04\/izospan_compressed-7-18x7.jpg 18w, https:\/\/thiento.vn\/wp-content\/uploads\/2023\/04\/izospan_compressed-7-405x167.jpg 405w\" sizes=\"auto, (max-width: 1020px) 100vw, 1020px\" \/><\/p>\n<p><img loading=\"lazy\" decoding=\"async\" src=\"https:\/\/thiento.vn\/wp-content\/uploads\/2023\/04\/izospan_compressed-8-1024x293.jpg\" alt=\"\" width=\"1020\" height=\"292\" class=\"alignnone size-large wp-image-7459\" srcset=\"https:\/\/thiento.vn\/wp-content\/uploads\/2023\/04\/izospan_compressed-8-1024x293.jpg 1024w, https:\/\/thiento.vn\/wp-content\/uploads\/2023\/04\/izospan_compressed-8-206x59.jpg 206w, https:\/\/thiento.vn\/wp-content\/uploads\/2023\/04\/izospan_compressed-8-768x220.jpg 768w, https:\/\/thiento.vn\/wp-content\/uploads\/2023\/04\/izospan_compressed-8-1536x439.jpg 1536w, https:\/\/thiento.vn\/wp-content\/uploads\/2023\/04\/izospan_compressed-8-2048x586.jpg 2048w, https:\/\/thiento.vn\/wp-content\/uploads\/2023\/04\/izospan_compressed-8-18x5.jpg 18w, https:\/\/thiento.vn\/wp-content\/uploads\/2023\/04\/izospan_compressed-8-405x116.jpg 405w\" sizes=\"auto, (max-width: 1020px) 100vw, 1020px\" \/><\/p>\n<p><img loading=\"lazy\" decoding=\"async\" src=\"https:\/\/thiento.vn\/wp-content\/uploads\/2023\/04\/izospan_compressed-9-1024x406.jpg\" alt=\"\" width=\"1020\" height=\"404\" class=\"alignnone size-large wp-image-7460\" srcset=\"https:\/\/thiento.vn\/wp-content\/uploads\/2023\/04\/izospan_compressed-9-1024x406.jpg 1024w, https:\/\/thiento.vn\/wp-content\/uploads\/2023\/04\/izospan_compressed-9-206x82.jpg 206w, https:\/\/thiento.vn\/wp-content\/uploads\/2023\/04\/izospan_compressed-9-768x304.jpg 768w, https:\/\/thiento.vn\/wp-content\/uploads\/2023\/04\/izospan_compressed-9-1536x608.jpg 1536w, https:\/\/thiento.vn\/wp-content\/uploads\/2023\/04\/izospan_compressed-9-2048x811.jpg 2048w, https:\/\/thiento.vn\/wp-content\/uploads\/2023\/04\/izospan_compressed-9-18x7.jpg 18w, https:\/\/thiento.vn\/wp-content\/uploads\/2023\/04\/izospan_compressed-9-405x160.jpg 405w\" sizes=\"auto, (max-width: 1020px) 100vw, 1020px\" \/><\/p>\n<p>FIRE RESISTANT, WIND RESISTANT MEMBRANES, VAPOR PERMEABILITY<br \/>\n<img loading=\"lazy\" decoding=\"async\" src=\"https:\/\/thiento.vn\/wp-content\/uploads\/2023\/04\/izospan_compressed-10-1024x406.jpg\" alt=\"\" width=\"1020\" height=\"404\" class=\"alignnone size-large wp-image-7461\" srcset=\"https:\/\/thiento.vn\/wp-content\/uploads\/2023\/04\/izospan_compressed-10-1024x406.jpg 1024w, https:\/\/thiento.vn\/wp-content\/uploads\/2023\/04\/izospan_compressed-10-206x82.jpg 206w, https:\/\/thiento.vn\/wp-content\/uploads\/2023\/04\/izospan_compressed-10-768x305.jpg 768w, https:\/\/thiento.vn\/wp-content\/uploads\/2023\/04\/izospan_compressed-10-1536x610.jpg 1536w, https:\/\/thiento.vn\/wp-content\/uploads\/2023\/04\/izospan_compressed-10-2048x813.jpg 2048w, https:\/\/thiento.vn\/wp-content\/uploads\/2023\/04\/izospan_compressed-10-18x7.jpg 18w, https:\/\/thiento.vn\/wp-content\/uploads\/2023\/04\/izospan_compressed-10-405x161.jpg 405w\" sizes=\"auto, (max-width: 1020px) 100vw, 1020px\" \/><\/p>\n<p>WATER AND WATER VAPOR RESISTANT<br \/>\n<img loading=\"lazy\" decoding=\"async\" src=\"https:\/\/thiento.vn\/wp-content\/uploads\/2023\/04\/izospan_compressed-12-1024x425.jpg\" alt=\"\" width=\"1020\" height=\"423\" class=\"alignnone size-large wp-image-7462\" srcset=\"https:\/\/thiento.vn\/wp-content\/uploads\/2023\/04\/izospan_compressed-12-1024x425.jpg 1024w, https:\/\/thiento.vn\/wp-content\/uploads\/2023\/04\/izospan_compressed-12-206x85.jpg 206w, https:\/\/thiento.vn\/wp-content\/uploads\/2023\/04\/izospan_compressed-12-768x319.jpg 768w, https:\/\/thiento.vn\/wp-content\/uploads\/2023\/04\/izospan_compressed-12-1536x637.jpg 1536w, https:\/\/thiento.vn\/wp-content\/uploads\/2023\/04\/izospan_compressed-12-2048x850.jpg 2048w, https:\/\/thiento.vn\/wp-content\/uploads\/2023\/04\/izospan_compressed-12-18x7.jpg 18w, https:\/\/thiento.vn\/wp-content\/uploads\/2023\/04\/izospan_compressed-12-405x168.jpg 405w\" sizes=\"auto, (max-width: 1020px) 100vw, 1020px\" \/><\/p>\n<p>WATER AND WATER VAPOR RESISTANT REINFORCED<br \/>\n<img loading=\"lazy\" decoding=\"async\" src=\"https:\/\/thiento.vn\/wp-content\/uploads\/2023\/04\/izospan_compressed-13-1024x440.jpg\" alt=\"\" width=\"1020\" height=\"438\" class=\"alignnone size-large wp-image-7463\" srcset=\"https:\/\/thiento.vn\/wp-content\/uploads\/2023\/04\/izospan_compressed-13-1024x440.jpg 1024w, https:\/\/thiento.vn\/wp-content\/uploads\/2023\/04\/izospan_compressed-13-206x89.jpg 206w, https:\/\/thiento.vn\/wp-content\/uploads\/2023\/04\/izospan_compressed-13-768x330.jpg 768w, https:\/\/thiento.vn\/wp-content\/uploads\/2023\/04\/izospan_compressed-13-1536x660.jpg 1536w, https:\/\/thiento.vn\/wp-content\/uploads\/2023\/04\/izospan_compressed-13-2048x881.jpg 2048w, https:\/\/thiento.vn\/wp-content\/uploads\/2023\/04\/izospan_compressed-13-18x8.jpg 18w, https:\/\/thiento.vn\/wp-content\/uploads\/2023\/04\/izospan_compressed-13-405x174.jpg 405w\" sizes=\"auto, (max-width: 1020px) 100vw, 1020px\" \/><\/p>\n<p>WATER AND WATER VAPOR RESISTANCE INTEGRATING 2 TAPE LINES<br \/>\n<img loading=\"lazy\" decoding=\"async\" src=\"https:\/\/thiento.vn\/wp-content\/uploads\/2023\/04\/izospan_compressed-14-1024x210.jpg\" alt=\"\" width=\"1020\" height=\"209\" class=\"alignnone size-large wp-image-7464\" srcset=\"https:\/\/thiento.vn\/wp-content\/uploads\/2023\/04\/izospan_compressed-14-1024x210.jpg 1024w, https:\/\/thiento.vn\/wp-content\/uploads\/2023\/04\/izospan_compressed-14-206x42.jpg 206w, https:\/\/thiento.vn\/wp-content\/uploads\/2023\/04\/izospan_compressed-14-768x157.jpg 768w, https:\/\/thiento.vn\/wp-content\/uploads\/2023\/04\/izospan_compressed-14-1536x315.jpg 1536w, https:\/\/thiento.vn\/wp-content\/uploads\/2023\/04\/izospan_compressed-14-2048x420.jpg 2048w, https:\/\/thiento.vn\/wp-content\/uploads\/2023\/04\/izospan_compressed-14-18x4.jpg 18w, https:\/\/thiento.vn\/wp-content\/uploads\/2023\/04\/izospan_compressed-14-405x83.jpg 405w\" sizes=\"auto, (max-width: 1020px) 100vw, 1020px\" \/><\/p>\n<p>WATER AND VAPOR RESISTANT WITH REFLECTION<\/p>\n<p><img loading=\"lazy\" decoding=\"async\" src=\"https:\/\/thiento.vn\/wp-content\/uploads\/2023\/04\/izospan_compressed-15-1024x433.jpg\" alt=\"\" width=\"1020\" height=\"431\" class=\"alignnone size-large wp-image-7465\" srcset=\"https:\/\/thiento.vn\/wp-content\/uploads\/2023\/04\/izospan_compressed-15-1024x433.jpg 1024w, https:\/\/thiento.vn\/wp-content\/uploads\/2023\/04\/izospan_compressed-15-206x87.jpg 206w, https:\/\/thiento.vn\/wp-content\/uploads\/2023\/04\/izospan_compressed-15-768x325.jpg 768w, https:\/\/thiento.vn\/wp-content\/uploads\/2023\/04\/izospan_compressed-15-1536x650.jpg 1536w, https:\/\/thiento.vn\/wp-content\/uploads\/2023\/04\/izospan_compressed-15-2048x866.jpg 2048w, https:\/\/thiento.vn\/wp-content\/uploads\/2023\/04\/izospan_compressed-15-18x8.jpg 18w, https:\/\/thiento.vn\/wp-content\/uploads\/2023\/04\/izospan_compressed-15-405x171.jpg 405w\" sizes=\"auto, (max-width: 1020px) 100vw, 1020px\" \/><\/p>","protected":false},"excerpt":{"rendered":"<p>\u201cIzospan\u201d: C\u00e1c s\u1ea3n ph\u1ea9m v\u00e0 v\u1eadt li\u1ec7u x\u00e2y d\u1ef1ng: m\u00e0ng ch\u1ed1ng gi\u00f3 v\u00e0 n\u01b0\u1edbc, l\u1edbp ch\u1ed1ng th\u1ea5m v\u00e0 h\u01a1i n\u01b0\u1edbc, b\u0103ng d\u00ednh x\u00e2y d\u1ef1ng v\u00e0 c\u00e1c s\u1ea3n ph\u1ea9m kh\u00e1c + 1,4 t\u1ef7 m2 v\u1eadt li\u1ec7u \u0111\u00e3 \u0111\u01b0\u1ee3c s\u1ea3n xu\u1ea5t + 30 danh m\u1ee5c s\u1ea3n ph\u1ea9m trong catalogue + 2,2 tri\u1ec7u d\u1ef1 \u00e1n x\u00e2y d\u1ef1ng s\u1eed [&#8230;]","protected":false},"featured_media":7475,"comment_status":"closed","ping_status":"closed","template":"","meta":[],"product_brand":[],"product_cat":[75],"product_tag":[],"class_list":{"0":"post-7453","1":"product","2":"type-product","3":"status-publish","4":"has-post-thumbnail","6":"product_cat-san-pham","8":"first","9":"instock","10":"shipping-taxable","11":"product-type-simple"},"_links":{"self":[{"href":"https:\/\/thiento.vn\/en\/wp-json\/wp\/v2\/product\/7453","targetHints":{"allow":["GET"]}}],"collection":[{"href":"https:\/\/thiento.vn\/en\/wp-json\/wp\/v2\/product"}],"about":[{"href":"https:\/\/thiento.vn\/en\/wp-json\/wp\/v2\/types\/product"}],"replies":[{"embeddable":true,"href":"https:\/\/thiento.vn\/en\/wp-json\/wp\/v2\/comments?post=7453"}],"wp:featuredmedia":[{"embeddable":true,"href":"https:\/\/thiento.vn\/en\/wp-json\/wp\/v2\/media\/7475"}],"wp:attachment":[{"href":"https:\/\/thiento.vn\/en\/wp-json\/wp\/v2\/media?parent=7453"}],"wp:term":[{"taxonomy":"product_brand","embeddable":true,"href":"https:\/\/thiento.vn\/en\/wp-json\/wp\/v2\/product_brand?post=7453"},{"taxonomy":"product_cat","embeddable":true,"href":"https:\/\/thiento.vn\/en\/wp-json\/wp\/v2\/product_cat?post=7453"},{"taxonomy":"product_tag","embeddable":true,"href":"https:\/\/thiento.vn\/en\/wp-json\/wp\/v2\/product_tag?post=7453"}],"curies":[{"name":"wp","href":"https:\/\/api.w.org\/{rel}","templated":true}]}}